{"id":1805,"date":"2025-09-21T17:30:42","date_gmt":"2025-09-21T17:30:42","guid":{"rendered":"https:\/\/elsecretodelosdruidas.com\/tiendaonline\/?page_id=1805"},"modified":"2025-09-21T17:38:40","modified_gmt":"2025-09-21T17:38:40","slug":"politica-de-privacidad","status":"publish","type":"page","link":"https:\/\/elsecretodelosdruidas.com\/tiendaonline\/?page_id=1805","title":{"rendered":"Pol\u00edtica de privacidad"},"content":{"rendered":"\r\n<h1 class=\"wp-block-heading\" data-start=\"326\" data-end=\"352\">Pol\u00edtica de Privacidad<\/h1>\r\n<p data-start=\"353\" data-end=\"431\"><strong data-start=\"353\" data-end=\"387\">Fecha de \u00faltima actualizaci\u00f3n:<\/strong> [Actualiza con la fecha en que publiques]<\/p>\r\n<p data-start=\"433\" data-end=\"797\">En <strong data-start=\"436\" data-end=\"465\">El Secreto de los Druidas<\/strong> (en adelante, \u201cla Tienda\u201d, \u201cnosotros\u201d o \u201cnuestro\u201d) respetamos y protegemos la privacidad de nuestros usuarios y clientes. Esta Pol\u00edtica de Privacidad explica c\u00f3mo recopilamos, usamos y protegemos tus datos personales en cumplimiento con la normativa vigente (Reglamento General de Protecci\u00f3n de Datos &#8211; RGPD y LOPDGDD en Espa\u00f1a).<\/p>\r\n<hr data-start=\"799\" data-end=\"802\" \/>\r\n<h2 data-start=\"804\" data-end=\"837\">1. Responsable del Tratamiento<\/h2>\r\n<p data-start=\"838\" data-end=\"945\"><strong data-start=\"838\" data-end=\"859\">Nombre comercial:<\/strong> El Secreto de los Druidas<br data-start=\"885\" data-end=\"888\" \/><strong data-start=\"888\" data-end=\"911\">Correo electr\u00f3nico:<\/strong> <a class=\"decorated-link cursor-pointer\" rel=\"noopener\" data-start=\"912\" data-end=\"943\" data-is-only-node=\"\">elsecretodelosdruidas@gmail.com<\/a><\/p>\r\n<hr data-start=\"947\" data-end=\"950\" data-is-only-node=\"\" \/>\r\n<h2 data-start=\"952\" data-end=\"977\">2. Datos que recogemos<\/h2>\r\n<p data-start=\"978\" data-end=\"1030\">Podemos recopilar los siguientes datos personales:<\/p>\r\n<ul data-start=\"1031\" data-end=\"1551\">\r\n<li data-start=\"1031\" data-end=\"1166\">\r\n<p data-start=\"1033\" data-end=\"1166\">Datos de identificaci\u00f3n y contacto: nombre, apellidos, direcci\u00f3n de correo electr\u00f3nico, tel\u00e9fono, direcci\u00f3n de env\u00edo y facturaci\u00f3n.<\/p>\r\n<\/li>\r\n<li data-start=\"1167\" data-end=\"1313\">\r\n<p data-start=\"1169\" data-end=\"1313\">Datos de pago: informaci\u00f3n necesaria para procesar los pedidos a trav\u00e9s de <strong data-start=\"1244\" data-end=\"1310\">PayPal, tarjetas de cr\u00e9dito\/d\u00e9bito, Bizum, R\u00eda o Western Union<\/strong>.<\/p>\r\n<\/li>\r\n<li data-start=\"1314\" data-end=\"1437\">\r\n<p data-start=\"1316\" data-end=\"1437\">Datos de uso de la web: direcci\u00f3n IP, navegador, sistema operativo, historial de navegaci\u00f3n dentro de la tienda online.<\/p>\r\n<\/li>\r\n<li data-start=\"1438\" data-end=\"1551\">\r\n<p data-start=\"1440\" data-end=\"1551\">Datos derivados de comunicaciones: consultas, reclamaciones o mensajes enviados a nuestro correo electr\u00f3nico.<\/p>\r\n<\/li>\r\n<\/ul>\r\n<hr data-start=\"1553\" data-end=\"1556\" \/>\r\n<h2 data-start=\"1558\" data-end=\"1589\">3. Finalidad del tratamiento<\/h2>\r\n<p data-start=\"1590\" data-end=\"1616\">Tratamos tus datos para:<\/p>\r\n<ul data-start=\"1617\" data-end=\"2034\">\r\n<li data-start=\"1617\" data-end=\"1699\">\r\n<p data-start=\"1619\" data-end=\"1699\">Gestionar y procesar tus pedidos (facturaci\u00f3n, cobros, env\u00edos y devoluciones).<\/p>\r\n<\/li>\r\n<li data-start=\"1700\" data-end=\"1768\">\r\n<p data-start=\"1702\" data-end=\"1768\">Tramitar los pagos a trav\u00e9s de las plataformas correspondientes.<\/p>\r\n<\/li>\r\n<li data-start=\"1769\" data-end=\"1816\">\r\n<p data-start=\"1771\" data-end=\"1816\">Gestionar tu cuenta de usuario, si procede.<\/p>\r\n<\/li>\r\n<li data-start=\"1817\" data-end=\"1874\">\r\n<p data-start=\"1819\" data-end=\"1874\">Enviarte comunicaciones sobre el estado de tu pedido.<\/p>\r\n<\/li>\r\n<li data-start=\"1875\" data-end=\"1961\">\r\n<p data-start=\"1877\" data-end=\"1961\">Enviarte informaci\u00f3n promocional y novedades (solo si has dado tu consentimiento).<\/p>\r\n<\/li>\r\n<li data-start=\"1962\" data-end=\"2034\">\r\n<p data-start=\"1964\" data-end=\"2034\">Cumplir con obligaciones legales (fiscales, contables y de consumo).<\/p>\r\n<\/li>\r\n<\/ul>\r\n<hr data-start=\"2036\" data-end=\"2039\" \/>\r\n<h2 data-start=\"2041\" data-end=\"2059\">4. Legitimaci\u00f3n<\/h2>\r\n<p data-start=\"2060\" data-end=\"2112\">La base legal para el tratamiento de tus datos es:<\/p>\r\n<ul data-start=\"2113\" data-end=\"2386\">\r\n<li data-start=\"2113\" data-end=\"2177\">\r\n<p data-start=\"2115\" data-end=\"2177\">La ejecuci\u00f3n de un contrato (gesti\u00f3n de pedidos y entregas).<\/p>\r\n<\/li>\r\n<li data-start=\"2178\" data-end=\"2242\">\r\n<p data-start=\"2180\" data-end=\"2242\">Tu consentimiento expreso (para comunicaciones comerciales).<\/p>\r\n<\/li>\r\n<li data-start=\"2243\" data-end=\"2291\">\r\n<p data-start=\"2245\" data-end=\"2291\">Obligaciones legales (fiscales y contables).<\/p>\r\n<\/li>\r\n<li data-start=\"2292\" data-end=\"2386\">\r\n<p data-start=\"2294\" data-end=\"2386\">Nuestro inter\u00e9s leg\u00edtimo (mejora de servicios, seguridad de la web, prevenci\u00f3n de fraude).<\/p>\r\n<\/li>\r\n<\/ul>\r\n<hr data-start=\"2388\" data-end=\"2391\" \/>\r\n<h2 data-start=\"2393\" data-end=\"2424\">5. Conservaci\u00f3n de los datos<\/h2>\r\n<p data-start=\"2425\" data-end=\"2451\">Conservaremos tus datos:<\/p>\r\n<ul data-start=\"2452\" data-end=\"2687\">\r\n<li data-start=\"2452\" data-end=\"2542\">\r\n<p data-start=\"2454\" data-end=\"2542\">Mientras exista una relaci\u00f3n contractual (pedido en curso o cuenta de cliente activa).<\/p>\r\n<\/li>\r\n<li data-start=\"2543\" data-end=\"2610\">\r\n<p data-start=\"2545\" data-end=\"2610\">Durante los plazos exigidos por la normativa fiscal y contable.<\/p>\r\n<\/li>\r\n<li data-start=\"2611\" data-end=\"2687\">\r\n<p data-start=\"2613\" data-end=\"2687\">Hasta que retires tu consentimiento para las comunicaciones comerciales.<\/p>\r\n<\/li>\r\n<\/ul>\r\n<hr data-start=\"2689\" data-end=\"2692\" \/>\r\n<h2 data-start=\"2694\" data-end=\"2713\">6. Destinatarios<\/h2>\r\n<p data-start=\"2714\" data-end=\"2759\">Podemos compartir tus datos \u00fanicamente con:<\/p>\r\n<ul data-start=\"2760\" data-end=\"3075\">\r\n<li data-start=\"2760\" data-end=\"2842\">\r\n<p data-start=\"2762\" data-end=\"2842\"><strong data-start=\"2762\" data-end=\"2783\">Pasarelas de pago<\/strong>: PayPal, entidades bancarias, Bizum, R\u00eda, Western Union.<\/p>\r\n<\/li>\r\n<li data-start=\"2843\" data-end=\"2910\">\r\n<p data-start=\"2845\" data-end=\"2910\"><strong data-start=\"2845\" data-end=\"2870\">Empresa de mensajer\u00eda<\/strong>: Correos, para la entrega de pedidos.<\/p>\r\n<\/li>\r\n<li data-start=\"2911\" data-end=\"3017\">\r\n<p data-start=\"2913\" data-end=\"3017\"><strong data-start=\"2913\" data-end=\"2950\">Proveedores de servicios t\u00e9cnicos<\/strong>: como el alojamiento web y, en su caso, la plataforma WordPress.<\/p>\r\n<\/li>\r\n<li data-start=\"3018\" data-end=\"3075\">\r\n<p data-start=\"3020\" data-end=\"3075\"><strong data-start=\"3020\" data-end=\"3047\">Autoridades competentes<\/strong>, si es requerido por ley.<\/p>\r\n<\/li>\r\n<\/ul>\r\n<hr data-start=\"3077\" data-end=\"3080\" \/>\r\n<h2 data-start=\"3082\" data-end=\"3118\">7. Transferencias internacionales<\/h2>\r\n<p data-start=\"3119\" data-end=\"3381\">Al utilizar servicios como <strong data-start=\"3146\" data-end=\"3177\">PayPal, R\u00eda o Western Union<\/strong>, puede implicar transferencias de datos fuera del Espacio Econ\u00f3mico Europeo. En estos casos, se aplicar\u00e1n las medidas adecuadas para garantizar la seguridad de tus datos, seg\u00fan las exigencias del RGPD.<\/p>\r\n<hr data-start=\"3383\" data-end=\"3386\" \/>\r\n<h2 data-start=\"3388\" data-end=\"3414\">8. Derechos del usuario<\/h2>\r\n<p data-start=\"3415\" data-end=\"3434\">Tienes derecho a:<\/p>\r\n<ul data-start=\"3435\" data-end=\"3791\">\r\n<li data-start=\"3435\" data-end=\"3470\">\r\n<p data-start=\"3437\" data-end=\"3470\">Acceder a tus datos personales.<\/p>\r\n<\/li>\r\n<li data-start=\"3471\" data-end=\"3516\">\r\n<p data-start=\"3473\" data-end=\"3516\">Rectificar datos inexactos o incompletos.<\/p>\r\n<\/li>\r\n<li data-start=\"3517\" data-end=\"3586\">\r\n<p data-start=\"3519\" data-end=\"3586\">Solicitar la supresi\u00f3n de tus datos cuando ya no sean necesarios.<\/p>\r\n<\/li>\r\n<li data-start=\"3587\" data-end=\"3653\">\r\n<p data-start=\"3589\" data-end=\"3653\">Limitar el tratamiento de tus datos en determinados supuestos.<\/p>\r\n<\/li>\r\n<li data-start=\"3654\" data-end=\"3695\">\r\n<p data-start=\"3656\" data-end=\"3695\">Oponerte al tratamiento de tus datos.<\/p>\r\n<\/li>\r\n<li data-start=\"3696\" data-end=\"3739\">\r\n<p data-start=\"3698\" data-end=\"3739\">Solicitar la portabilidad de tus datos.<\/p>\r\n<\/li>\r\n<li data-start=\"3740\" data-end=\"3791\">\r\n<p data-start=\"3742\" data-end=\"3791\">Retirar tu consentimiento en cualquier momento.<\/p>\r\n<\/li>\r\n<\/ul>\r\n<p data-start=\"3793\" data-end=\"3879\">Para ejercer tus derechos, puedes escribirnos a: <strong data-start=\"3842\" data-end=\"3877\"><a class=\"decorated-link cursor-pointer\" rel=\"noopener\" data-start=\"3844\" data-end=\"3875\">elsecretodelosdruidas@gmail.com<\/a><\/strong><\/p>\r\n<hr data-start=\"3881\" data-end=\"3884\" \/>\r\n<h2 data-start=\"3886\" data-end=\"3901\">9. Seguridad<\/h2>\r\n<p data-start=\"3902\" data-end=\"4108\">Aplicamos medidas t\u00e9cnicas y organizativas para garantizar la seguridad de tus datos personales, incluyendo el uso de conexi\u00f3n cifrada (SSL\/TLS), copias de seguridad y acceso restringido a la informaci\u00f3n.<\/p>\r\n<hr data-start=\"4110\" data-end=\"4113\" \/>\r\n<h2 data-start=\"4115\" data-end=\"4129\">10. Cookies<\/h2>\r\n<p data-start=\"4130\" data-end=\"4381\">Esta web utiliza cookies propias y de terceros para mejorar la experiencia de usuario, analizar la navegaci\u00f3n y facilitar el funcionamiento de la tienda. Puedes consultar la <strong data-start=\"4304\" data-end=\"4327\">Pol\u00edtica de Cookies<\/strong> <a href=\"https:\/\/elsecretodelosdruidas.com\/tiendaonline\/?page_id=1805&amp;preview_id=1805&amp;preview_nonce=04caf1b8b5&amp;_thumbnail_id=-1&amp;preview=true\">[aqu\u00ed] (enlace a la pol\u00edtica de cookies de la web).<\/a><\/p>\r\n<hr data-start=\"4383\" data-end=\"4386\" \/>\r\n<h2 data-start=\"4388\" data-end=\"4409\">11. Modificaciones<\/h2>\r\n<p data-start=\"4410\" data-end=\"4580\">Nos reservamos el derecho de actualizar esta Pol\u00edtica de Privacidad cuando sea necesario. La fecha de la \u00faltima modificaci\u00f3n aparecer\u00e1 indicada al inicio del documento.<\/p>\r\n<hr data-start=\"4582\" data-end=\"4585\" \/>\r\n<p data-start=\"4587\" data-end=\"4672\"><strong data-start=\"4587\" data-end=\"4600\">Contacto:<\/strong><br data-start=\"4600\" data-end=\"4603\" \/>El Secreto de los Druidas<br data-start=\"4628\" data-end=\"4631\" \/>Correo: <a class=\"decorated-link cursor-pointer\" rel=\"noopener\" data-start=\"4639\" data-end=\"4670\">elsecretodelosdruidas@gmail.com<\/a><\/p>\r\n\r\n<p>&nbsp;<\/p>","protected":false},"excerpt":{"rendered":"<p>Pol\u00edtica de Privacidad Fecha de \u00faltima actualizaci\u00f3n: [Actualiza con la fecha en que publiques] En El Secreto de los Druidas (en adelante, \u201cla Tienda\u201d, \u201cnosotros\u201d o \u201cnuestro\u201d) respetamos y protegemos la privacidad de nuestros usuarios y clientes. Esta Pol\u00edtica de Privacidad explica c\u00f3mo recopilamos, usamos y protegemos tus datos personales en cumplimiento con la normativa [&hellip;]<\/p>\n","protected":false},"author":30,"featured_media":0,"parent":0,"menu_order":0,"comment_status":"closed","ping_status":"closed","template":"","meta":{"_eb_attr":"","_monsterinsights_skip_tracking":false,"_monsterinsights_sitenote_active":false,"_monsterinsights_sitenote_note":"","_monsterinsights_sitenote_category":0,"_joinchat":[],"footnotes":""},"class_list":["post-1805","page","type-page","status-publish","hentry"],"_links":{"self":[{"href":"https:\/\/elsecretodelosdruidas.com\/tiendaonline\/index.php?rest_route=\/wp\/v2\/pages\/1805"}],"collection":[{"href":"https:\/\/elsecretodelosdruidas.com\/tiendaonline\/index.php?rest_route=\/wp\/v2\/pages"}],"about":[{"href":"https:\/\/elsecretodelosdruidas.com\/tiendaonline\/index.php?rest_route=\/wp\/v2\/types\/page"}],"author":[{"embeddable":true,"href":"https:\/\/elsecretodelosdruidas.com\/tiendaonline\/index.php?rest_route=\/wp\/v2\/users\/30"}],"replies":[{"embeddable":true,"href":"https:\/\/elsecretodelosdruidas.com\/tiendaonline\/index.php?rest_route=%2Fwp%2Fv2%2Fcomments&post=1805"}],"version-history":[{"count":2,"href":"https:\/\/elsecretodelosdruidas.com\/tiendaonline\/index.php?rest_route=\/wp\/v2\/pages\/1805\/revisions"}],"predecessor-version":[{"id":1810,"href":"https:\/\/elsecretodelosdruidas.com\/tiendaonline\/index.php?rest_route=\/wp\/v2\/pages\/1805\/revisions\/1810"}],"wp:attachment":[{"href":"https:\/\/elsecretodelosdruidas.com\/tiendaonline\/index.php?rest_route=%2Fwp%2Fv2%2Fmedia&parent=1805"}],"curies":[{"name":"wp","href":"https:\/\/api.w.org\/{rel}","templated":true}]}}