{"id":3,"date":"2023-03-13T16:15:40","date_gmt":"2023-03-13T16:15:40","guid":{"rendered":"https:\/\/elsecretodelosdruidas.com\/tiendaonline\/?page_id=3"},"modified":"2025-08-27T16:20:42","modified_gmt":"2025-08-27T16:20:42","slug":"politica-privacidad","status":"publish","type":"page","link":"https:\/\/elsecretodelosdruidas.com\/tiendaonline\/?page_id=3","title":{"rendered":"Pol\u00edtica de privacidad"},"content":{"rendered":"\r\n<p>Esta Pol\u00edtica de privacidad describe c\u00f3mo El Secreto de los Druidas (en adelante, el &#8220;Sitio&#8221;, &#8220;nosotros&#8221; o &#8220;nuestro&#8221;) recopila, utiliza y divulga su informaci\u00f3n personal al visitar o utilizar nuestros servicios, al realizar una compra en arcaniartesania.com (en adelante, el &#8220;Sitio&#8221; ) o al comunicarse con nosotros de cualquier otra manera con respecto al Sitio (denominado de manera colectiva como, los &#8220;Servicios&#8221;). A los efectos de la presente Pol\u00edtica de privacidad, los t\u00e9rminos &#8220;usted&#8221; y &#8220;su&#8221; hacen referencia a usted como usuario de los Servicios, ya sea en calidad de cliente, visitante del sitio web o como cualquier otro individuo cuya informaci\u00f3n hayamos recopilado de conformidad con la presente Pol\u00edtica de privacidad.<\/p>\r\n<p><strong>Lea atentamente la presente Pol\u00edtica de privacidad.<\/strong><\/p>\r\n<p>Cambios en la presente Pol\u00edtica de privacidad<br \/>Esta Pol\u00edtica de privacidad se podr\u00e1 actualizar puntualmente para reflejar cambios en nuestras pr\u00e1cticas o por cualesquiera otras razones operativas, legales o normativas. Publicaremos la Pol\u00edtica de privacidad revisada en el Sitio, actualizaremos la fecha de &#8220;\u00daltima actualizaci\u00f3n&#8221; y tomaremos cualquier otra medida que pueda exigir la ley aplicable.<\/p>\r\n<p><strong>Recopilaci\u00f3n y utilizaci\u00f3n de su informaci\u00f3n personal<\/strong><br \/>Para prestar los Servicios, recopilamos informaci\u00f3n personal sobre usted de una variedad de fuentes, como se indica a continuaci\u00f3n. La informaci\u00f3n que recopilamos y utilizamos var\u00eda en funci\u00f3n de c\u00f3mo interact\u00faa con nosotros.<\/p>\r\n<p>Adem\u00e1s de los usos espec\u00edficos que se establecen a continuaci\u00f3n, podremos usar la informaci\u00f3n que recopilamos para comunicarnos con usted, proporcionarle o mejorar los Servicios, cumplir con cualquier obligaci\u00f3n legal aplicable, hacer cumplir los t\u00e9rminos de servicio aplicables y proteger o defender los Servicios, nuestros derechos, los de nuestros usuarios y los de otros.<\/p>\r\n<p><strong>Informaci\u00f3n personal que recopilamos<\/strong><br \/>Los tipos de informaci\u00f3n personal que obtenemos sobre usted dependen de c\u00f3mo interact\u00faa con nuestro Sitio y c\u00f3mo utiliza nuestros Servicios. El t\u00e9rmino &#8220;informaci\u00f3n personal&#8221; se utiliza para hacer referencia a la informaci\u00f3n que le identifica o describe individualmente, as\u00ed como a la informaci\u00f3n que puede relacionarse o asociarse a usted. Las secciones siguientes describen las categor\u00edas y tipos espec\u00edficos de informaci\u00f3n personal que recopilamos.<\/p>\r\n<p><strong>Informaci\u00f3n que recopilamos directamente de usted<\/strong><br \/>La informaci\u00f3n que nos env\u00eda directamente a trav\u00e9s de nuestros Servicios puede incluir lo siguiente:<\/p>\r\n<p><strong>Detalles de contacto<\/strong>: incluye su nombre, direcci\u00f3n, n\u00famero de tel\u00e9fono y correo electr\u00f3nico.<br \/><strong>Informaci\u00f3n del pedido<\/strong>: incluye su nombre, direcci\u00f3n de facturaci\u00f3n, direcci\u00f3n de env\u00edo, confirmaci\u00f3n de pago, direcci\u00f3n de correo electr\u00f3nico y n\u00famero de tel\u00e9fono.<br \/><strong>Informaci\u00f3n de la cuenta<\/strong>: incluye su nombre de usuario, contrase\u00f1a, preguntas de seguridad y otra informaci\u00f3n utilizada con fines de seguridad de la cuenta.<br \/><strong>Informaci\u00f3n de atenci\u00f3n al cliente<\/strong>: incluye la informaci\u00f3n que usted elige incluir en las comunicaciones con nosotros, como, por ejemplo, al enviar un mensaje a trav\u00e9s de los Servicios.<br \/>Algunas caracter\u00edsticas de los Servicios pueden requerir que nos proporcione directamente cierta informaci\u00f3n sobre usted. Puede optar por no proporcionar estos datos; sin embargo, ello puede impedirle usar o acceder a estas funciones.<\/p>\r\n","protected":false},"excerpt":{"rendered":"<p>Esta Pol\u00edtica de privacidad describe c\u00f3mo El Secreto de los Druidas (en adelante, el &#8220;Sitio&#8221;, &#8220;nosotros&#8221; o &#8220;nuestro&#8221;) recopila, utiliza y divulga su informaci\u00f3n personal al visitar o utilizar nuestros servicios, al realizar una compra en arcaniartesania.com (en adelante, el &#8220;Sitio&#8221; ) o al comunicarse con nosotros de cualquier otra manera con respecto al Sitio [&hellip;]<\/p>\n","protected":false},"author":1,"featured_media":0,"parent":0,"menu_order":0,"comment_status":"closed","ping_status":"open","template":"","meta":{"_eb_attr":"","_monsterinsights_skip_tracking":false,"_monsterinsights_sitenote_active":false,"_monsterinsights_sitenote_note":"","_monsterinsights_sitenote_category":0,"_joinchat":[],"footnotes":""},"class_list":["post-3","page","type-page","status-publish","hentry"],"_links":{"self":[{"href":"https:\/\/elsecretodelosdruidas.com\/tiendaonline\/index.php?rest_route=\/wp\/v2\/pages\/3"}],"collection":[{"href":"https:\/\/elsecretodelosdruidas.com\/tiendaonline\/index.php?rest_route=\/wp\/v2\/pages"}],"about":[{"href":"https:\/\/elsecretodelosdruidas.com\/tiendaonline\/index.php?rest_route=\/wp\/v2\/types\/page"}],"author":[{"embeddable":true,"href":"https:\/\/elsecretodelosdruidas.com\/tiendaonline\/index.php?rest_route=\/wp\/v2\/users\/1"}],"replies":[{"embeddable":true,"href":"https:\/\/elsecretodelosdruidas.com\/tiendaonline\/index.php?rest_route=%2Fwp%2Fv2%2Fcomments&post=3"}],"version-history":[{"count":1,"href":"https:\/\/elsecretodelosdruidas.com\/tiendaonline\/index.php?rest_route=\/wp\/v2\/pages\/3\/revisions"}],"predecessor-version":[{"id":1784,"href":"https:\/\/elsecretodelosdruidas.com\/tiendaonline\/index.php?rest_route=\/wp\/v2\/pages\/3\/revisions\/1784"}],"wp:attachment":[{"href":"https:\/\/elsecretodelosdruidas.com\/tiendaonline\/index.php?rest_route=%2Fwp%2Fv2%2Fmedia&parent=3"}],"curies":[{"name":"wp","href":"https:\/\/api.w.org\/{rel}","templated":true}]}}