{"id":1077,"date":"2024-06-18T15:51:51","date_gmt":"2024-06-18T15:51:51","guid":{"rendered":"https:\/\/elsecretodelosdruidas.com\/tiendaonline\/?post_type=product&#038;p=1077"},"modified":"2025-01-30T15:00:19","modified_gmt":"2025-01-30T15:00:19","slug":"muneca-zernovuska","status":"publish","type":"product","link":"https:\/\/elsecretodelosdruidas.com\/tiendaonline\/?product=muneca-zernovuska","title":{"rendered":"Mu\u00f1eca zernovuska"},"content":{"rendered":"","protected":false},"excerpt":{"rendered":"<p><span style=\"vertical-align: inherit;\"><span style=\"vertical-align: inherit;\"><span style=\"vertical-align: inherit;\"><span style=\"vertical-align: inherit;\">La mu\u00f1eca &#8220;Zernovushka&#8221; o &#8220;Krupenichka&#8221; es un talism\u00e1n de Europa del Este que atrae riqueza y abundancia a la casa, que los campesinos siempre han asociado con el grano. La mu\u00f1eca se hac\u00eda despu\u00e9s de la cosecha, se rellenaba con trigo sarraceno y se guardaba durante todo el a\u00f1o en un lugar visible en el rinc\u00f3n rojo de la caba\u00f1a. Y durante la nueva siembra se tomaron los primeros pu\u00f1ados de grano de este mu\u00f1eco. A finales del siglo XIX se empez\u00f3 a utilizar mijo, guisantes y trigo para rellenar mu\u00f1ecas. La mu\u00f1eca se regal\u00f3 para Navidad y las fiestas de la cosecha con fe en un a\u00f1o exitoso, y la fe ayuda a una persona a crear todo lo necesario para una vida feliz. En la tradici\u00f3n popular, una mu\u00f1eca talism\u00e1n no deber\u00eda tener cara, porque junto con \u00e9l, el mu\u00f1eco gana alma y deja de ser un s\u00edmbolo. La mu\u00f1eca no fue cosida, sino hecha con retazos sin el uso de tijeras ni agujas, para que la vida \u201cno fuera apu\u00f1alada ni cortada\u201d.<\/span><\/span><\/span><\/span><\/p>\n<p>En la tradici\u00f3n popular una mu\u00f1eca talism\u00e1n no deber\u00eda tener cara ,porque junto con \u00e9l, el mu\u00f1eco gana alma y deja de ser un s\u00edmbolo. Adem\u00e1s la mu\u00f1eca no fue cocida sino hecha con retazos sin el uso de tijeras ni aguja para que la vida &#8220;no fuera apu\u00f1alada ni cortada&#8221;.<\/p>\n<p>Se pueden hacer de diferentes colores y en este caso es rojo era para el buen tiempo para los amaneceres tempranos y los atardeceres tard\u00edos porque la duraci\u00f3n de las horas de luz depend\u00eda de cu\u00e1nto trabajo har\u00edan los campesinos y tener m\u00e1s tiempo para hacer las labores del campo.<\/p>\n","protected":false},"featured_media":1078,"comment_status":"open","ping_status":"closed","template":"","meta":{"_eb_attr":"","_monsterinsights_skip_tracking":false,"_monsterinsights_sitenote_active":false,"_monsterinsights_sitenote_note":"","_monsterinsights_sitenote_category":0,"_joinchat":[]},"product_cat":[21],"product_tag":[],"class_list":{"0":"post-1077","1":"product","2":"type-product","3":"status-publish","4":"has-post-thumbnail","6":"product_cat-esoterismo","8":"first","9":"instock","10":"taxable","11":"shipping-taxable","12":"purchasable","13":"product-type-simple"},"_links":{"self":[{"href":"https:\/\/elsecretodelosdruidas.com\/tiendaonline\/index.php?rest_route=\/wp\/v2\/product\/1077"}],"collection":[{"href":"https:\/\/elsecretodelosdruidas.com\/tiendaonline\/index.php?rest_route=\/wp\/v2\/product"}],"about":[{"href":"https:\/\/elsecretodelosdruidas.com\/tiendaonline\/index.php?rest_route=\/wp\/v2\/types\/product"}],"replies":[{"embeddable":true,"href":"https:\/\/elsecretodelosdruidas.com\/tiendaonline\/index.php?rest_route=%2Fwp%2Fv2%2Fcomments&post=1077"}],"wp:featuredmedia":[{"embeddable":true,"href":"https:\/\/elsecretodelosdruidas.com\/tiendaonline\/index.php?rest_route=\/wp\/v2\/media\/1078"}],"wp:attachment":[{"href":"https:\/\/elsecretodelosdruidas.com\/tiendaonline\/index.php?rest_route=%2Fwp%2Fv2%2Fmedia&parent=1077"}],"wp:term":[{"taxonomy":"product_cat","embeddable":true,"href":"https:\/\/elsecretodelosdruidas.com\/tiendaonline\/index.php?rest_route=%2Fwp%2Fv2%2Fproduct_cat&post=1077"},{"taxonomy":"product_tag","embeddable":true,"href":"https:\/\/elsecretodelosdruidas.com\/tiendaonline\/index.php?rest_route=%2Fwp%2Fv2%2Fproduct_tag&post=1077"}],"curies":[{"name":"wp","href":"https:\/\/api.w.org\/{rel}","templated":true}]}}