{"id":1165,"date":"2024-09-04T15:46:18","date_gmt":"2024-09-04T15:46:18","guid":{"rendered":"https:\/\/elsecretodelosdruidas.com\/tiendaonline\/?post_type=product&#038;p=1165"},"modified":"2024-09-04T15:46:56","modified_gmt":"2024-09-04T15:46:56","slug":"colgante-escoba-de-bruja-tramita","status":"publish","type":"product","link":"https:\/\/elsecretodelosdruidas.com\/tiendaonline\/?product=colgante-escoba-de-bruja-tramita","title":{"rendered":"Colgante escoba de bruja (taramita)"},"content":{"rendered":"","protected":false},"excerpt":{"rendered":"<p>Equilibra durante y despu\u00e9s de la meditaci\u00f3n. Estimula los dones psiquicos y la intuici\u00f3n. Este cristal conecta con las gu\u00edas espirituales, aporta integridad y maduraci\u00f3n. Facilita el recuerdo de sue\u00f1os y promueve los sue\u00f1os curativos.<\/p>\n","protected":false},"featured_media":1166,"comment_status":"open","ping_status":"closed","template":"","meta":{"_eb_attr":"","_monsterinsights_skip_tracking":false,"_monsterinsights_sitenote_active":false,"_monsterinsights_sitenote_note":"","_monsterinsights_sitenote_category":0,"_joinchat":[]},"product_cat":[23],"product_tag":[],"class_list":{"0":"post-1165","1":"product","2":"type-product","3":"status-publish","4":"has-post-thumbnail","6":"product_cat-joyeria","8":"first","9":"instock","10":"taxable","11":"shipping-taxable","12":"purchasable","13":"product-type-simple"},"_links":{"self":[{"href":"https:\/\/elsecretodelosdruidas.com\/tiendaonline\/index.php?rest_route=\/wp\/v2\/product\/1165"}],"collection":[{"href":"https:\/\/elsecretodelosdruidas.com\/tiendaonline\/index.php?rest_route=\/wp\/v2\/product"}],"about":[{"href":"https:\/\/elsecretodelosdruidas.com\/tiendaonline\/index.php?rest_route=\/wp\/v2\/types\/product"}],"replies":[{"embeddable":true,"href":"https:\/\/elsecretodelosdruidas.com\/tiendaonline\/index.php?rest_route=%2Fwp%2Fv2%2Fcomments&post=1165"}],"wp:featuredmedia":[{"embeddable":true,"href":"https:\/\/elsecretodelosdruidas.com\/tiendaonline\/index.php?rest_route=\/wp\/v2\/media\/1166"}],"wp:attachment":[{"href":"https:\/\/elsecretodelosdruidas.com\/tiendaonline\/index.php?rest_route=%2Fwp%2Fv2%2Fmedia&parent=1165"}],"wp:term":[{"taxonomy":"product_cat","embeddable":true,"href":"https:\/\/elsecretodelosdruidas.com\/tiendaonline\/index.php?rest_route=%2Fwp%2Fv2%2Fproduct_cat&post=1165"},{"taxonomy":"product_tag","embeddable":true,"href":"https:\/\/elsecretodelosdruidas.com\/tiendaonline\/index.php?rest_route=%2Fwp%2Fv2%2Fproduct_tag&post=1165"}],"curies":[{"name":"wp","href":"https:\/\/api.w.org\/{rel}","templated":true}]}}