{"id":117,"date":"2023-03-13T16:30:37","date_gmt":"2023-03-13T16:30:37","guid":{"rendered":"https:\/\/elsecretodelosdruidas.com\/tiendaonline\/?post_type=product&#038;p=117"},"modified":"2025-11-27T18:26:19","modified_gmt":"2025-11-27T18:26:19","slug":"colgante-de-ambar","status":"publish","type":"product","link":"https:\/\/elsecretodelosdruidas.com\/tiendaonline\/?product=colgante-de-ambar","title":{"rendered":"Colgante de \u00e1mbar"},"content":{"rendered":"<p>La\u00a0<strong>piedra de \u00e1mbar<\/strong>\u00a0no es propiamente una piedra sino una\u00a0<strong>resina fosilizada<\/strong>\u00a0de \u00e1rboles con\u00edferos generada ya en \u00e9pocas muy antiguas, consider\u00e1ndola una gema especial con una incre\u00edble connotaci\u00f3n esot\u00e9rica, metaf\u00edsica y sanadora. Debido a su color dorado y a su luminosidad, la piedra de \u00e1mbar se relaciona estrechamente con el Sol y en el mundo del esoterismo es muy apreciada por\u00a0<strong>transmitir buenas vibraciones<\/strong>, mucha energ\u00eda y ser un perfecto amuleto para atraer la suerte y lograr el \u00e9xito en cualquier \u00e1mbito de la vida.<\/p>\n<p>Se considera que la piedra de \u00e1mbar absorbe las energ\u00edas negativas, favorece la felicidad y ejerce un incre\u00edble poder para atraer el dinero y el amor, aumentar el placer sexual y la fertilidad, adem\u00e1s de estar relacionada con la creatividad y la solidaridad.<\/p>\n<p style=\"text-align: left;\">No hay dos colgantes iguales por lo que esto es un aproximaci\u00f3n de como seran los colgantes.<\/p>\n","protected":false},"excerpt":{"rendered":"<p>La\u00a0piedra de \u00e1mbar\u00a0no es propiamente una piedra sino una\u00a0resina fosilizada\u00a0de \u00e1rboles con\u00edferos generada ya en \u00e9pocas muy antiguas, consider\u00e1ndola una gema especial con una incre\u00edble connotaci\u00f3n esot\u00e9rica, metaf\u00edsica y sanadora. Debido a su color dorado y a su luminosidad, la piedra de \u00e1mbar se relaciona estrechamente con el Sol y en el mundo del esoterismo [&hellip;]<\/p>\n","protected":false},"featured_media":143,"comment_status":"open","ping_status":"closed","template":"","meta":{"_eb_attr":"","_monsterinsights_skip_tracking":false,"_monsterinsights_sitenote_active":false,"_monsterinsights_sitenote_note":"","_monsterinsights_sitenote_category":0,"_joinchat":[]},"product_cat":[23],"product_tag":[],"class_list":{"0":"post-117","1":"product","2":"type-product","3":"status-publish","4":"has-post-thumbnail","6":"product_cat-joyeria","8":"first","9":"instock","10":"taxable","11":"shipping-taxable","12":"purchasable","13":"product-type-simple"},"_links":{"self":[{"href":"https:\/\/elsecretodelosdruidas.com\/tiendaonline\/index.php?rest_route=\/wp\/v2\/product\/117"}],"collection":[{"href":"https:\/\/elsecretodelosdruidas.com\/tiendaonline\/index.php?rest_route=\/wp\/v2\/product"}],"about":[{"href":"https:\/\/elsecretodelosdruidas.com\/tiendaonline\/index.php?rest_route=\/wp\/v2\/types\/product"}],"replies":[{"embeddable":true,"href":"https:\/\/elsecretodelosdruidas.com\/tiendaonline\/index.php?rest_route=%2Fwp%2Fv2%2Fcomments&post=117"}],"wp:featuredmedia":[{"embeddable":true,"href":"https:\/\/elsecretodelosdruidas.com\/tiendaonline\/index.php?rest_route=\/wp\/v2\/media\/143"}],"wp:attachment":[{"href":"https:\/\/elsecretodelosdruidas.com\/tiendaonline\/index.php?rest_route=%2Fwp%2Fv2%2Fmedia&parent=117"}],"wp:term":[{"taxonomy":"product_cat","embeddable":true,"href":"https:\/\/elsecretodelosdruidas.com\/tiendaonline\/index.php?rest_route=%2Fwp%2Fv2%2Fproduct_cat&post=117"},{"taxonomy":"product_tag","embeddable":true,"href":"https:\/\/elsecretodelosdruidas.com\/tiendaonline\/index.php?rest_route=%2Fwp%2Fv2%2Fproduct_tag&post=117"}],"curies":[{"name":"wp","href":"https:\/\/api.w.org\/{rel}","templated":true}]}}