{"id":1300,"date":"2024-12-21T21:58:59","date_gmt":"2024-12-21T21:58:59","guid":{"rendered":"https:\/\/elsecretodelosdruidas.com\/tiendaonline\/?post_type=product&#038;p=1300"},"modified":"2025-06-12T15:40:38","modified_gmt":"2025-06-12T15:40:38","slug":"incienso-coleccion-cristal","status":"publish","type":"product","link":"https:\/\/elsecretodelosdruidas.com\/tiendaonline\/?product=incienso-coleccion-cristal","title":{"rendered":"Incienso colecci\u00f3n cristal"},"content":{"rendered":"","protected":false},"excerpt":{"rendered":"<div class=\"\" data-mesh-id=\"comp-lb3n19uminlineContent\" data-testid=\"inline-content\">\n<div data-mesh-id=\"comp-lb3n19uminlineContent-gridContainer\" data-testid=\"mesh-container-content\">\n<div id=\"i3r4ixer\" class=\"TWFxr5 \">\n<div class=\"i3r4ixer\">\n<div class=\"l7SIaB layout__responsive undefined isMobile\" data-hook=\"product-page\" data-layout-name=\"responsive\">\n<article class=\"ygFjsg\">\n<div class=\"BB1Hyk\">\n<section class=\"F_MN93 QgBcN6\">\n<div class=\"BlQanN QfrfFD cell\">\n<div data-hook=\"responsive-gallery\">\n<div class=\"Xq7Zhm\">\n<div class=\"sXxtLtV\" data-hook=\"responsive-gallery-navigation\" data-show-border=\"true\" data-theme=\"dark\" data-current=\"2\">\n<div class=\"sd14BaJ sW1ejus\">\n<div class=\"s__9cZ865 sv6zEd_\" data-checked=\"false\" data-focused=\"false\" data-focus-visible=\"false\"><input class=\"stXjzpc\" type=\"radio\" value=\"\" data-hook=\"hidden-radio\" aria-label=\"Incienso colecci\u00f3n cristal \" aria-checked=\"false\" \/><\/p>\n<div class=\"sc21cDd\">\n<div class=\"sa23XRB sJHYdhZ slySkQ4\" data-hook=\"dot\">-El \u00e1gata es una variedad de calcedonia, que es un tipo de cuarzo microcristalino. Es conocido por sus patrones de bandas y viene en una amplia gama de colores. Incluye varios fragmentos de Agata.<\/div>\n<\/div>\n<\/div>\n<\/div>\n<\/div>\n<\/div>\n<\/div>\n<\/div>\n<\/section>\n<section class=\"F_MN93 MJzMdb\">\n<div class=\"PqdTxj QfrfFD cell\">\n<section class=\"Va_ZoC\" data-hook=\"description-wrapper\">\n<div class=\"LvOu6J\">\n<div class=\"vaI0UH\" data-hook=\"content-wrapper\">\n<p>-La amatista es una popular variedad de cuarzo de color violeta ampliamente conocida en todo el mundo. Tiene una gran importancia cultural, espiritual e hist\u00f3rica en diversos contextos. Es s\u00edmbolo de sobriedad y se le atribuyen propiedades curativas a nivel espiritual y metaf\u00edsicas. Incluye varios fragmentos de Amatista.<\/p>\n<p>-El Jade es una piedra preciosa que ha sido muy valorada desde hace varios siglos en varias culturas diferentes, especialmente en el este de Asia, gracias a que se ve como un s\u00edmbolo de pureza y serenidad, adem\u00e1s se le atribuyen propiedades curativas y protectoras. Tambi\u00e9n se cree que atrae la prosperidad y la suerte. Incluye varios fragmentos de Jade Verde.<\/p>\n<p>-El Ojo de Tigre es una piedra preciosa popular e intrigante conocida por su distintivo color dorado mezclado con marr\u00f3n rojizo, que provoca un efecto &#8221;chatoyant&#8221; u &#8221;ojo de gato&#8221; que tiene mucha importancia en cuanto a la protecci\u00f3n y la conexi\u00f3n a tierra, el coraje, la confianza y la mejora de la fuerza de voluntad. Incluye varios fragmentos de Ojo de Tigre.<\/p>\n<p>-La Pirita, tambi\u00e9n conocida como el &#8221;oro de los tontos&#8221; debido a su color amarillo cobrizo, , tiene varios significados y se considera un s\u00edmbolo de riqueza y prosperidad, tambi\u00e9n se le atribuyen propiedades protectoras, potenciadoras de la creatividad y confianza, adem\u00e1s ayuda a mejorar la fuerza de voluntad. Incluye varios fragmentos de Pirita.<\/p>\n<p>-La Turmalina negra es un mineral ciclosilicato que posee un fuerte significado en varios aspectos, incluyendo culturales, metaf\u00edsicos y uso pr\u00e1ctico, como sanador energ\u00e9tico y alineador de los chakras. Incluye varios fragmentos de Turmalina.<\/p>\n<p>-El lapisl\u00e1zuli es una piedra semipreciosa valorada por su intenso color azul. Se asocia con la sabidur\u00eda, la verdad y la comunicaci\u00f3n. Tambi\u00e9n se cree que promueve la paz interior y la autoconfianza. Incluye fragmentos de Lapisl\u00e1zuli.<\/p>\n<p>-El cuarzo rosa es conocido como la piedra del amor y la paz. Se asocia con la compasi\u00f3n, la sanaci\u00f3n emocional y la armon\u00eda en las relaciones. Se dice que fomenta la autoestima y la tranquilidad. Incluye fragmentos de cuarzo rosa.<\/p>\n<p>-La aventurina es una piedra semipreciosa que se caracteriza por su color verde y su brillo sutil. Se asocia con la prosperidad, la suerte y la creatividad. Se cree que promueve la calma y la estabilidad emocional. Incluye fragmentos de Aventurina.<\/p>\n<p>-La labradorita es una piedra semipreciosa conocida por su iridiscencia y colores brillantes, que pueden incluir azules, verdes y dorados. Se asocia con la intuici\u00f3n, la protecci\u00f3n y la transformaci\u00f3n. Se dice que ayuda a equilibrar la energ\u00eda y a fortalecer la conexi\u00f3n espiritual. Incluye fragmentos de Labradorita.<\/p>\n<\/div>\n<p>\ud83d\udd34 Imprescindible que indiques cual quieres en las notas del pedido<\/p>\n<\/div>\n<\/section>\n<\/div>\n<\/section>\n<\/div>\n<\/article>\n<\/div>\n<\/div>\n<\/div>\n<\/div>\n<\/div>\n","protected":false},"featured_media":1308,"comment_status":"open","ping_status":"closed","template":"","meta":{"_eb_attr":"","_monsterinsights_skip_tracking":false,"_monsterinsights_sitenote_active":false,"_monsterinsights_sitenote_note":"","_monsterinsights_sitenote_category":0,"_joinchat":[]},"product_cat":[21],"product_tag":[],"class_list":{"0":"post-1300","1":"product","2":"type-product","3":"status-publish","4":"has-post-thumbnail","6":"product_cat-esoterismo","8":"first","9":"instock","10":"taxable","11":"shipping-taxable","12":"purchasable","13":"product-type-simple"},"_links":{"self":[{"href":"https:\/\/elsecretodelosdruidas.com\/tiendaonline\/index.php?rest_route=\/wp\/v2\/product\/1300"}],"collection":[{"href":"https:\/\/elsecretodelosdruidas.com\/tiendaonline\/index.php?rest_route=\/wp\/v2\/product"}],"about":[{"href":"https:\/\/elsecretodelosdruidas.com\/tiendaonline\/index.php?rest_route=\/wp\/v2\/types\/product"}],"replies":[{"embeddable":true,"href":"https:\/\/elsecretodelosdruidas.com\/tiendaonline\/index.php?rest_route=%2Fwp%2Fv2%2Fcomments&post=1300"}],"wp:featuredmedia":[{"embeddable":true,"href":"https:\/\/elsecretodelosdruidas.com\/tiendaonline\/index.php?rest_route=\/wp\/v2\/media\/1308"}],"wp:attachment":[{"href":"https:\/\/elsecretodelosdruidas.com\/tiendaonline\/index.php?rest_route=%2Fwp%2Fv2%2Fmedia&parent=1300"}],"wp:term":[{"taxonomy":"product_cat","embeddable":true,"href":"https:\/\/elsecretodelosdruidas.com\/tiendaonline\/index.php?rest_route=%2Fwp%2Fv2%2Fproduct_cat&post=1300"},{"taxonomy":"product_tag","embeddable":true,"href":"https:\/\/elsecretodelosdruidas.com\/tiendaonline\/index.php?rest_route=%2Fwp%2Fv2%2Fproduct_tag&post=1300"}],"curies":[{"name":"wp","href":"https:\/\/api.w.org\/{rel}","templated":true}]}}