{"id":1344,"date":"2025-02-03T12:55:38","date_gmt":"2025-02-03T12:55:38","guid":{"rendered":"https:\/\/elsecretodelosdruidas.com\/tiendaonline\/?post_type=product&#038;p=1344"},"modified":"2025-03-20T13:08:01","modified_gmt":"2025-03-20T13:08:01","slug":"aragonito-coraloide-cabo-de-gata-almeria","status":"publish","type":"product","link":"https:\/\/elsecretodelosdruidas.com\/tiendaonline\/?product=aragonito-coraloide-cabo-de-gata-almeria","title":{"rendered":"Aragonito coraloide (Cabo de Gata, Almer\u00eda)"},"content":{"rendered":"","protected":false},"excerpt":{"rendered":"<p>El Aragonito coraloide es una piedra que a la vista tiene forma de coral y esto se debe a la gran cantidad de carbonato de calcio por la que se compone. Esta grandiosa formaci\u00f3n se encuentra presente en cuevas, sin embargo, tambi\u00e9n es posible visualizar el Aragonito coraloide en las conchas de los moluscos, esqueletos de coral y algunos animales.<\/p>\n<p dir=\"ltr\">El\u00a0Aragonito coraloide\u00a0es capaz de ofrecer a las personas m\u00faltiples propiedades, a continuaci\u00f3n, mencionaremos algunas de ellas.<\/p>\n<ul>\n<li dir=\"ltr\" aria-level=\"1\">\n<p dir=\"ltr\" role=\"presentation\">Es una roca que te permitir\u00e1 conectarte con la madre tierra, es decir, gracias a ella podr\u00e1s sentirte cercano a la naturaleza, inspirarte en ella, cuidarla y respetarla.<\/p>\n<\/li>\n<li dir=\"ltr\" aria-level=\"1\">\n<p dir=\"ltr\" role=\"presentation\">Brinda claridad mental y la capacidad de decisi\u00f3n firme.<\/p>\n<\/li>\n<li dir=\"ltr\" aria-level=\"1\">\n<p dir=\"ltr\" role=\"presentation\">Permite que los niveles de concentraci\u00f3n se eleven; esto se debe a su apariencia, es decir, sus diversas puntas agrupan esta energ\u00eda y las dispersa en su base, permitiendo que sea posible explorar las diversas situaciones y centrarse en la m\u00e1s importante.<\/p>\n<\/li>\n<li dir=\"ltr\" aria-level=\"1\">\n<p dir=\"ltr\" role=\"presentation\">Es ideal para todas las personas que meditan.<\/p>\n<\/li>\n<li dir=\"ltr\" aria-level=\"1\">\n<p dir=\"ltr\" role=\"presentation\">Al colocarla cerca de tu cuerpo, permite que todas las energ\u00edas que se encuentren dispersas, se concentren y ordenen en tu mente ayudando a reducir los niveles de estr\u00e9s e impaciencia, llenando tu cuerpo de paz y calma.<\/p>\n<\/li>\n<li dir=\"ltr\" aria-level=\"1\">\n<p dir=\"ltr\" role=\"presentation\">Tambi\u00e9n da sabidur\u00eda, tranquilidad, disciplina, realismo y madurez, para que sean capaces de asumir las responsabilidades que van adquiriendo con los a\u00f1os.<\/p>\n<\/li>\n<\/ul>\n","protected":false},"featured_media":1330,"comment_status":"open","ping_status":"closed","template":"","meta":{"_eb_attr":"","_monsterinsights_skip_tracking":false,"_monsterinsights_sitenote_active":false,"_monsterinsights_sitenote_note":"","_monsterinsights_sitenote_category":0,"_joinchat":[]},"product_cat":[24],"product_tag":[],"class_list":{"0":"post-1344","1":"product","2":"type-product","3":"status-publish","4":"has-post-thumbnail","6":"product_cat-minerales-de-coleccionista-espanol","8":"first","9":"outofstock","10":"taxable","11":"shipping-taxable","12":"purchasable","13":"product-type-simple"},"_links":{"self":[{"href":"https:\/\/elsecretodelosdruidas.com\/tiendaonline\/index.php?rest_route=\/wp\/v2\/product\/1344"}],"collection":[{"href":"https:\/\/elsecretodelosdruidas.com\/tiendaonline\/index.php?rest_route=\/wp\/v2\/product"}],"about":[{"href":"https:\/\/elsecretodelosdruidas.com\/tiendaonline\/index.php?rest_route=\/wp\/v2\/types\/product"}],"replies":[{"embeddable":true,"href":"https:\/\/elsecretodelosdruidas.com\/tiendaonline\/index.php?rest_route=%2Fwp%2Fv2%2Fcomments&post=1344"}],"wp:featuredmedia":[{"embeddable":true,"href":"https:\/\/elsecretodelosdruidas.com\/tiendaonline\/index.php?rest_route=\/wp\/v2\/media\/1330"}],"wp:attachment":[{"href":"https:\/\/elsecretodelosdruidas.com\/tiendaonline\/index.php?rest_route=%2Fwp%2Fv2%2Fmedia&parent=1344"}],"wp:term":[{"taxonomy":"product_cat","embeddable":true,"href":"https:\/\/elsecretodelosdruidas.com\/tiendaonline\/index.php?rest_route=%2Fwp%2Fv2%2Fproduct_cat&post=1344"},{"taxonomy":"product_tag","embeddable":true,"href":"https:\/\/elsecretodelosdruidas.com\/tiendaonline\/index.php?rest_route=%2Fwp%2Fv2%2Fproduct_tag&post=1344"}],"curies":[{"name":"wp","href":"https:\/\/api.w.org\/{rel}","templated":true}]}}