{"id":1345,"date":"2025-02-03T13:56:56","date_gmt":"2025-02-03T13:56:56","guid":{"rendered":"https:\/\/elsecretodelosdruidas.com\/tiendaonline\/?post_type=product&#038;p=1345"},"modified":"2025-02-03T13:56:56","modified_gmt":"2025-02-03T13:56:56","slug":"cuarzo-rutilado-de-brasil","status":"publish","type":"product","link":"https:\/\/elsecretodelosdruidas.com\/tiendaonline\/?product=cuarzo-rutilado-de-brasil","title":{"rendered":"Cuarzo rutilado de Brasil"},"content":{"rendered":"","protected":false},"excerpt":{"rendered":"<p>El\u00a0cuarzo rutilado, tambi\u00e9n conocido como\u00a0cabellos de Venus, es una variedad de\u00a0<span class=\"own-inside-link\">cuarzo<\/span> (silicato) que contiene agujas de rutilo (\u00f3xido de titanio). Los\u00a0cristales de rutilo\u00a0pueden ser de color dorado, rojo o negro, dependiendo de la concentraci\u00f3n de\u00a0hierro.<\/p>\n<p>Es una piedra asociada a la vitalidad y a la luz. Simboliza la energ\u00eda nutritiva del sol. Se recomienda en las meditaciones y para limpiar y energizar el aura. Favorece la concentraci\u00f3n, el enfoque y la creatividad. Potencia la canalizaci\u00f3n y la conexi\u00f3n con los gu\u00edas personales y la sabidur\u00eda interior. Tambi\u00e9n es indicada para realizar trabajos personales relacionados con el crecimiento espiritual y la prosperidad.<\/p>\n","protected":false},"featured_media":1331,"comment_status":"open","ping_status":"closed","template":"","meta":{"_eb_attr":"","_monsterinsights_skip_tracking":false,"_monsterinsights_sitenote_active":false,"_monsterinsights_sitenote_note":"","_monsterinsights_sitenote_category":0,"_joinchat":[]},"product_cat":[25],"product_tag":[],"class_list":{"0":"post-1345","1":"product","2":"type-product","3":"status-publish","4":"has-post-thumbnail","6":"product_cat-minerales-de-coleccionista-extranjero","8":"first","9":"instock","10":"taxable","11":"shipping-taxable","12":"purchasable","13":"product-type-simple"},"_links":{"self":[{"href":"https:\/\/elsecretodelosdruidas.com\/tiendaonline\/index.php?rest_route=\/wp\/v2\/product\/1345"}],"collection":[{"href":"https:\/\/elsecretodelosdruidas.com\/tiendaonline\/index.php?rest_route=\/wp\/v2\/product"}],"about":[{"href":"https:\/\/elsecretodelosdruidas.com\/tiendaonline\/index.php?rest_route=\/wp\/v2\/types\/product"}],"replies":[{"embeddable":true,"href":"https:\/\/elsecretodelosdruidas.com\/tiendaonline\/index.php?rest_route=%2Fwp%2Fv2%2Fcomments&post=1345"}],"wp:featuredmedia":[{"embeddable":true,"href":"https:\/\/elsecretodelosdruidas.com\/tiendaonline\/index.php?rest_route=\/wp\/v2\/media\/1331"}],"wp:attachment":[{"href":"https:\/\/elsecretodelosdruidas.com\/tiendaonline\/index.php?rest_route=%2Fwp%2Fv2%2Fmedia&parent=1345"}],"wp:term":[{"taxonomy":"product_cat","embeddable":true,"href":"https:\/\/elsecretodelosdruidas.com\/tiendaonline\/index.php?rest_route=%2Fwp%2Fv2%2Fproduct_cat&post=1345"},{"taxonomy":"product_tag","embeddable":true,"href":"https:\/\/elsecretodelosdruidas.com\/tiendaonline\/index.php?rest_route=%2Fwp%2Fv2%2Fproduct_tag&post=1345"}],"curies":[{"name":"wp","href":"https:\/\/api.w.org\/{rel}","templated":true}]}}