{"id":1348,"date":"2025-02-03T14:12:02","date_gmt":"2025-02-03T14:12:02","guid":{"rendered":"https:\/\/elsecretodelosdruidas.com\/tiendaonline\/?post_type=product&#038;p=1348"},"modified":"2025-02-03T14:13:28","modified_gmt":"2025-02-03T14:13:28","slug":"lazurita-de-afganistan","status":"publish","type":"product","link":"https:\/\/elsecretodelosdruidas.com\/tiendaonline\/?product=lazurita-de-afganistan","title":{"rendered":"Lazurita de Afganist\u00e1n"},"content":{"rendered":"","protected":false},"excerpt":{"rendered":"<p>La piedra lazurita es un mineral que se extrae desde al menos 7000 a\u00f1os antes de nuestra \u00e9poca.<\/p>\n<p>Este mineral fomenta la creatividad y la inspiraci\u00f3n. Se invita a cada artista a obtener dicho cristal para mejorar su trabajo. Es un mineral calmante, que favorece el dejarse llevar. Le devuelve la confianza en si mismo para que pueda aceptarse tal y como es. Avanza con optimismo. Sabe en su coraz\u00f3n que lograr\u00e1 alcanzar sus objetivos a largo plazo y que nadie podr\u00e1 detenerle.<\/p>\n<p>Es un mineral que conecta f\u00e1cilmente con el tercer ojo. Sus vibraciones son bastante potentes. Puede llevarle directamente al m\u00e1s all\u00e1 para establecer la comunicaci\u00f3n con los difuntos. Con este alto nivel de espiritualidad, empieza a poner en orden su mente. Algunos espec\u00edmenes pueden hacer que, literalmente, quiera sumergirse en el mineral. Ahora ve brillo a su alrededor para decir adi\u00f3s a la tristeza y a la negatividad. El mineral tambi\u00e9n le ayudar\u00e1 a dar un paso atr\u00e1s en una situaci\u00f3n dolorosa.<\/p>\n<p>Este ejemplar procede de Ladjuar Medam, Sar-e-Sang, Valle de Kokcha, Badakhshan, Afganist\u00e1n.<\/p>\n","protected":false},"featured_media":1334,"comment_status":"open","ping_status":"closed","template":"","meta":{"_eb_attr":"","_monsterinsights_skip_tracking":false,"_monsterinsights_sitenote_active":false,"_monsterinsights_sitenote_note":"","_monsterinsights_sitenote_category":0,"_joinchat":[]},"product_cat":[25],"product_tag":[],"class_list":{"0":"post-1348","1":"product","2":"type-product","3":"status-publish","4":"has-post-thumbnail","6":"product_cat-minerales-de-coleccionista-extranjero","8":"first","9":"instock","10":"taxable","11":"shipping-taxable","12":"purchasable","13":"product-type-simple"},"_links":{"self":[{"href":"https:\/\/elsecretodelosdruidas.com\/tiendaonline\/index.php?rest_route=\/wp\/v2\/product\/1348"}],"collection":[{"href":"https:\/\/elsecretodelosdruidas.com\/tiendaonline\/index.php?rest_route=\/wp\/v2\/product"}],"about":[{"href":"https:\/\/elsecretodelosdruidas.com\/tiendaonline\/index.php?rest_route=\/wp\/v2\/types\/product"}],"replies":[{"embeddable":true,"href":"https:\/\/elsecretodelosdruidas.com\/tiendaonline\/index.php?rest_route=%2Fwp%2Fv2%2Fcomments&post=1348"}],"wp:featuredmedia":[{"embeddable":true,"href":"https:\/\/elsecretodelosdruidas.com\/tiendaonline\/index.php?rest_route=\/wp\/v2\/media\/1334"}],"wp:attachment":[{"href":"https:\/\/elsecretodelosdruidas.com\/tiendaonline\/index.php?rest_route=%2Fwp%2Fv2%2Fmedia&parent=1348"}],"wp:term":[{"taxonomy":"product_cat","embeddable":true,"href":"https:\/\/elsecretodelosdruidas.com\/tiendaonline\/index.php?rest_route=%2Fwp%2Fv2%2Fproduct_cat&post=1348"},{"taxonomy":"product_tag","embeddable":true,"href":"https:\/\/elsecretodelosdruidas.com\/tiendaonline\/index.php?rest_route=%2Fwp%2Fv2%2Fproduct_tag&post=1348"}],"curies":[{"name":"wp","href":"https:\/\/api.w.org\/{rel}","templated":true}]}}