{"id":1361,"date":"2025-03-03T17:31:14","date_gmt":"2025-03-03T17:31:14","guid":{"rendered":"https:\/\/elsecretodelosdruidas.com\/tiendaonline\/?post_type=product&#038;p=1361"},"modified":"2025-08-26T09:35:16","modified_gmt":"2025-08-26T09:35:16","slug":"colgante-nudo-de-brujas-con-cuarzo-turmalinado","status":"publish","type":"product","link":"https:\/\/elsecretodelosdruidas.com\/tiendaonline\/?product=colgante-nudo-de-brujas-con-cuarzo-turmalinado","title":{"rendered":"Colgante nudo de brujas con cuarzo turmalinado"},"content":{"rendered":"","protected":false},"excerpt":{"rendered":"<p>El nudo de brujas ayuda a enfocar la energ\u00eda, amplificando la voluntad del portador. No\u00a0solo es un s\u00edmbolo de intenciones, sino tambi\u00e9n unescudo protector. Se cree que\u00a0cada lazo\u00a0en el nudo puede actuar como\u00a0una barrera, guardando a su portador de energ\u00edas negativas.<\/p>\n<p>Va acompa\u00f1ado con un cuarzo turmalinado que aportar\u00e1 protecci\u00f3n contra las energ\u00edas negativas, el mal de ojo, disipar\u00e1 las energ\u00edas demasiado pesadas y con la ayuda del cuarzo potenciar\u00e1s todas estas propiedades.<\/p>\n","protected":false},"featured_media":1362,"comment_status":"open","ping_status":"closed","template":"","meta":{"_eb_attr":"","_monsterinsights_skip_tracking":false,"_monsterinsights_sitenote_active":false,"_monsterinsights_sitenote_note":"","_monsterinsights_sitenote_category":0,"_joinchat":[]},"product_cat":[21],"product_tag":[],"class_list":{"0":"post-1361","1":"product","2":"type-product","3":"status-publish","4":"has-post-thumbnail","6":"product_cat-esoterismo","8":"first","9":"instock","10":"taxable","11":"shipping-taxable","12":"purchasable","13":"product-type-simple"},"_links":{"self":[{"href":"https:\/\/elsecretodelosdruidas.com\/tiendaonline\/index.php?rest_route=\/wp\/v2\/product\/1361"}],"collection":[{"href":"https:\/\/elsecretodelosdruidas.com\/tiendaonline\/index.php?rest_route=\/wp\/v2\/product"}],"about":[{"href":"https:\/\/elsecretodelosdruidas.com\/tiendaonline\/index.php?rest_route=\/wp\/v2\/types\/product"}],"replies":[{"embeddable":true,"href":"https:\/\/elsecretodelosdruidas.com\/tiendaonline\/index.php?rest_route=%2Fwp%2Fv2%2Fcomments&post=1361"}],"wp:featuredmedia":[{"embeddable":true,"href":"https:\/\/elsecretodelosdruidas.com\/tiendaonline\/index.php?rest_route=\/wp\/v2\/media\/1362"}],"wp:attachment":[{"href":"https:\/\/elsecretodelosdruidas.com\/tiendaonline\/index.php?rest_route=%2Fwp%2Fv2%2Fmedia&parent=1361"}],"wp:term":[{"taxonomy":"product_cat","embeddable":true,"href":"https:\/\/elsecretodelosdruidas.com\/tiendaonline\/index.php?rest_route=%2Fwp%2Fv2%2Fproduct_cat&post=1361"},{"taxonomy":"product_tag","embeddable":true,"href":"https:\/\/elsecretodelosdruidas.com\/tiendaonline\/index.php?rest_route=%2Fwp%2Fv2%2Fproduct_tag&post=1361"}],"curies":[{"name":"wp","href":"https:\/\/api.w.org\/{rel}","templated":true}]}}