{"id":1372,"date":"2025-03-03T17:43:50","date_gmt":"2025-03-03T17:43:50","guid":{"rendered":"https:\/\/elsecretodelosdruidas.com\/tiendaonline\/?post_type=product&#038;p=1372"},"modified":"2025-08-26T09:34:20","modified_gmt":"2025-08-26T09:34:20","slug":"colgante-nudo-de-brujas-con-cuarzo-musgo","status":"publish","type":"product","link":"https:\/\/elsecretodelosdruidas.com\/tiendaonline\/?product=colgante-nudo-de-brujas-con-cuarzo-musgo","title":{"rendered":"Colgante nudo de brujas con cuarzo musgo"},"content":{"rendered":"","protected":false},"excerpt":{"rendered":"<p>El nudo de brujas ayuda a enfocar la energ\u00eda, amplificando la voluntad del portador. No solo es un s\u00edmbolo de intenciones, sino tambi\u00e9n un escudo protector. Se cree que cada lazo en el nudo puede actuar como una barrera, guardando a su portador de energ\u00edas negativas.<\/p>\n<p>Va acompa\u00f1ado por un cuarzo musgo cuyas propiedades destacan por su conexi\u00f3n con la naturaleza. Fomenta la comunicaci\u00f3n y la expresi\u00f3n, favorece la autoconfianza y el equilibrio emocional y ayuda en el crecimiento espiritual. A nivel curativo est\u00e1 indicada como antiinflamatorio y para reforzar el sistema inmunitario y circulatorio.<\/p>\n","protected":false},"featured_media":1365,"comment_status":"open","ping_status":"closed","template":"","meta":{"_eb_attr":"","_monsterinsights_skip_tracking":false,"_monsterinsights_sitenote_active":false,"_monsterinsights_sitenote_note":"","_monsterinsights_sitenote_category":0,"_joinchat":[]},"product_cat":[21],"product_tag":[],"class_list":{"0":"post-1372","1":"product","2":"type-product","3":"status-publish","4":"has-post-thumbnail","6":"product_cat-esoterismo","8":"first","9":"instock","10":"taxable","11":"shipping-taxable","12":"purchasable","13":"product-type-simple"},"_links":{"self":[{"href":"https:\/\/elsecretodelosdruidas.com\/tiendaonline\/index.php?rest_route=\/wp\/v2\/product\/1372"}],"collection":[{"href":"https:\/\/elsecretodelosdruidas.com\/tiendaonline\/index.php?rest_route=\/wp\/v2\/product"}],"about":[{"href":"https:\/\/elsecretodelosdruidas.com\/tiendaonline\/index.php?rest_route=\/wp\/v2\/types\/product"}],"replies":[{"embeddable":true,"href":"https:\/\/elsecretodelosdruidas.com\/tiendaonline\/index.php?rest_route=%2Fwp%2Fv2%2Fcomments&post=1372"}],"wp:featuredmedia":[{"embeddable":true,"href":"https:\/\/elsecretodelosdruidas.com\/tiendaonline\/index.php?rest_route=\/wp\/v2\/media\/1365"}],"wp:attachment":[{"href":"https:\/\/elsecretodelosdruidas.com\/tiendaonline\/index.php?rest_route=%2Fwp%2Fv2%2Fmedia&parent=1372"}],"wp:term":[{"taxonomy":"product_cat","embeddable":true,"href":"https:\/\/elsecretodelosdruidas.com\/tiendaonline\/index.php?rest_route=%2Fwp%2Fv2%2Fproduct_cat&post=1372"},{"taxonomy":"product_tag","embeddable":true,"href":"https:\/\/elsecretodelosdruidas.com\/tiendaonline\/index.php?rest_route=%2Fwp%2Fv2%2Fproduct_tag&post=1372"}],"curies":[{"name":"wp","href":"https:\/\/api.w.org\/{rel}","templated":true}]}}