{"id":1514,"date":"2025-04-01T15:35:14","date_gmt":"2025-04-01T15:35:14","guid":{"rendered":"https:\/\/elsecretodelosdruidas.com\/tiendaonline\/?post_type=product&#038;p=1514"},"modified":"2025-12-05T09:27:36","modified_gmt":"2025-12-05T09:27:36","slug":"colgante-de-cuarzo-sanador","status":"publish","type":"product","link":"https:\/\/elsecretodelosdruidas.com\/tiendaonline\/?product=colgante-de-cuarzo-sanador","title":{"rendered":"Colgante de cuarzo sanador"},"content":{"rendered":"","protected":false},"excerpt":{"rendered":"<p>Colgante de cuarzo sanador en rodado cuya propiedad son:<\/p>\n<p><strong>Propiedades energ\u00e9ticas\u00a0<\/strong><\/p>\n<ul>\n<li>Aporta energ\u00eda, motivaci\u00f3n y alegr\u00eda<\/li>\n<li>Anima a perseguir metas y empezar nuevos proyectos<\/li>\n<li>Infunde fortaleza y vitalidad<\/li>\n<li>Acompa\u00f1a en el proceso de soltar situaciones, personas y cosas que no aportan positividad a la vida<\/li>\n<li>Clarifica la mente, los deseos y las intenciones<\/li>\n<\/ul>\n<p><strong>Propiedades espirituales<\/strong><\/p>\n<ul>\n<li>Ayuda a abrir los chakras<\/li>\n<li>Fortalece la conexi\u00f3n con el yo superior<\/li>\n<li>Desarrolla la intuici\u00f3n y las capacidades ps\u00edquicas<\/li>\n<li>Protege contra las influencias negativas<\/li>\n<li>Ayuda a alcanzar estados de meditaci\u00f3n profunda<\/li>\n<\/ul>\n","protected":false},"featured_media":1484,"comment_status":"open","ping_status":"closed","template":"","meta":{"_eb_attr":"","_monsterinsights_skip_tracking":false,"_monsterinsights_sitenote_active":false,"_monsterinsights_sitenote_note":"","_monsterinsights_sitenote_category":0,"_joinchat":[]},"product_cat":[23],"product_tag":[],"class_list":{"0":"post-1514","1":"product","2":"type-product","3":"status-publish","4":"has-post-thumbnail","6":"product_cat-joyeria","8":"first","9":"outofstock","10":"taxable","11":"shipping-taxable","12":"purchasable","13":"product-type-simple"},"_links":{"self":[{"href":"https:\/\/elsecretodelosdruidas.com\/tiendaonline\/index.php?rest_route=\/wp\/v2\/product\/1514"}],"collection":[{"href":"https:\/\/elsecretodelosdruidas.com\/tiendaonline\/index.php?rest_route=\/wp\/v2\/product"}],"about":[{"href":"https:\/\/elsecretodelosdruidas.com\/tiendaonline\/index.php?rest_route=\/wp\/v2\/types\/product"}],"replies":[{"embeddable":true,"href":"https:\/\/elsecretodelosdruidas.com\/tiendaonline\/index.php?rest_route=%2Fwp%2Fv2%2Fcomments&post=1514"}],"wp:featuredmedia":[{"embeddable":true,"href":"https:\/\/elsecretodelosdruidas.com\/tiendaonline\/index.php?rest_route=\/wp\/v2\/media\/1484"}],"wp:attachment":[{"href":"https:\/\/elsecretodelosdruidas.com\/tiendaonline\/index.php?rest_route=%2Fwp%2Fv2%2Fmedia&parent=1514"}],"wp:term":[{"taxonomy":"product_cat","embeddable":true,"href":"https:\/\/elsecretodelosdruidas.com\/tiendaonline\/index.php?rest_route=%2Fwp%2Fv2%2Fproduct_cat&post=1514"},{"taxonomy":"product_tag","embeddable":true,"href":"https:\/\/elsecretodelosdruidas.com\/tiendaonline\/index.php?rest_route=%2Fwp%2Fv2%2Fproduct_tag&post=1514"}],"curies":[{"name":"wp","href":"https:\/\/api.w.org\/{rel}","templated":true}]}}