{"id":157,"date":"2023-03-13T16:31:02","date_gmt":"2023-03-13T16:31:02","guid":{"rendered":"https:\/\/elsecretodelosdruidas.com\/tiendaonline\/?post_type=product&#038;p=157"},"modified":"2025-09-24T16:25:33","modified_gmt":"2025-09-24T16:25:33","slug":"colgante-trisquel-tamano-s","status":"publish","type":"product","link":"https:\/\/elsecretodelosdruidas.com\/tiendaonline\/?product=colgante-trisquel-tamano-s","title":{"rendered":"Colgante trisquel &#8220;tama\u00f1o S&#8221;"},"content":{"rendered":"<p>Hace m\u00e1s de 5000 a\u00f1os de antig\u00fcedad en Newgrange, en el Valle del Boyne (Irlanda) hab\u00eda personas que decidieron inmortalizar este s\u00edmbolo de la vida eterna, el trisquel, entre sus piedras. Ahora se ha convertido en uno de los s\u00edmbolos m\u00e1s representativos de la cultura celta.<\/p>\n<p>Este colgante lleva consigo su cord\u00f3n de cuero y su leyenda en papel de pergamino y es de acero inoxidable.<\/p>\n<p>Precio :10&#8217;50\u20ac<\/p>\n","protected":false},"excerpt":{"rendered":"<p>Hace m\u00e1s de 5000 a\u00f1os de antig\u00fcedad en Newgrange, en el Valle del Boyne (Irlanda) hab\u00eda personas que decidieron inmortalizar este s\u00edmbolo de la vida eterna, el trisquel, entre sus piedras. Ahora se ha convertido en uno de los s\u00edmbolos m\u00e1s representativos de la cultura celta. Este colgante lleva consigo su cord\u00f3n de cuero y [&hellip;]<\/p>\n","protected":false},"featured_media":161,"comment_status":"open","ping_status":"closed","template":"","meta":{"_eb_attr":"","_monsterinsights_skip_tracking":false,"_monsterinsights_sitenote_active":false,"_monsterinsights_sitenote_note":"","_monsterinsights_sitenote_category":0,"_joinchat":[]},"product_cat":[20],"product_tag":[],"class_list":{"0":"post-157","1":"product","2":"type-product","3":"status-publish","4":"has-post-thumbnail","6":"product_cat-artesania-celta","8":"first","9":"instock","10":"taxable","11":"shipping-taxable","12":"purchasable","13":"product-type-simple"},"_links":{"self":[{"href":"https:\/\/elsecretodelosdruidas.com\/tiendaonline\/index.php?rest_route=\/wp\/v2\/product\/157"}],"collection":[{"href":"https:\/\/elsecretodelosdruidas.com\/tiendaonline\/index.php?rest_route=\/wp\/v2\/product"}],"about":[{"href":"https:\/\/elsecretodelosdruidas.com\/tiendaonline\/index.php?rest_route=\/wp\/v2\/types\/product"}],"replies":[{"embeddable":true,"href":"https:\/\/elsecretodelosdruidas.com\/tiendaonline\/index.php?rest_route=%2Fwp%2Fv2%2Fcomments&post=157"}],"wp:featuredmedia":[{"embeddable":true,"href":"https:\/\/elsecretodelosdruidas.com\/tiendaonline\/index.php?rest_route=\/wp\/v2\/media\/161"}],"wp:attachment":[{"href":"https:\/\/elsecretodelosdruidas.com\/tiendaonline\/index.php?rest_route=%2Fwp%2Fv2%2Fmedia&parent=157"}],"wp:term":[{"taxonomy":"product_cat","embeddable":true,"href":"https:\/\/elsecretodelosdruidas.com\/tiendaonline\/index.php?rest_route=%2Fwp%2Fv2%2Fproduct_cat&post=157"},{"taxonomy":"product_tag","embeddable":true,"href":"https:\/\/elsecretodelosdruidas.com\/tiendaonline\/index.php?rest_route=%2Fwp%2Fv2%2Fproduct_tag&post=157"}],"curies":[{"name":"wp","href":"https:\/\/api.w.org\/{rel}","templated":true}]}}