{"id":17,"date":"2023-03-13T16:29:42","date_gmt":"2023-03-13T16:29:42","guid":{"rendered":"https:\/\/elsecretodelosdruidas.com\/tiendaonline\/?post_type=product&#038;p=17"},"modified":"2024-02-21T23:44:09","modified_gmt":"2024-02-21T23:44:09","slug":"colgante-de-punta-de-opalina","status":"publish","type":"product","link":"https:\/\/elsecretodelosdruidas.com\/tiendaonline\/?product=colgante-de-punta-de-opalina","title":{"rendered":"Colgante de punta de opalina"},"content":{"rendered":"<p>Potencia la conciencia c\u00f3smica e induce visiones ps\u00edquicas y m\u00edsticas, estimula la originalidad y la creatividad, ayudando a expresar el verdadero yo adem\u00e1s de ense\u00f1arte a que lo que das acaba lleg\u00e1ndote de vuelta. Adem\u00e1s, estimula la autoestima y ayuda a entender tu propio potencial.<\/p>\n","protected":false},"excerpt":{"rendered":"<p>Potencia la conciencia c\u00f3smica e induce visiones ps\u00edquicas y m\u00edsticas, estimula la originalidad y la creatividad, ayudando a expresar el verdadero yo adem\u00e1s de ense\u00f1arte a que lo que das acaba lleg\u00e1ndote de vuelta. Adem\u00e1s, estimula la autoestima y ayuda a entender tu propio potencial.<\/p>\n","protected":false},"featured_media":47,"comment_status":"open","ping_status":"closed","template":"","meta":{"_eb_attr":"","_monsterinsights_skip_tracking":false,"_monsterinsights_sitenote_active":false,"_monsterinsights_sitenote_note":"","_monsterinsights_sitenote_category":0,"_joinchat":[]},"product_cat":[23],"product_tag":[],"class_list":{"0":"post-17","1":"product","2":"type-product","3":"status-publish","4":"has-post-thumbnail","6":"product_cat-joyeria","8":"first","9":"instock","10":"sale","11":"taxable","12":"shipping-taxable","13":"purchasable","14":"product-type-simple"},"_links":{"self":[{"href":"https:\/\/elsecretodelosdruidas.com\/tiendaonline\/index.php?rest_route=\/wp\/v2\/product\/17"}],"collection":[{"href":"https:\/\/elsecretodelosdruidas.com\/tiendaonline\/index.php?rest_route=\/wp\/v2\/product"}],"about":[{"href":"https:\/\/elsecretodelosdruidas.com\/tiendaonline\/index.php?rest_route=\/wp\/v2\/types\/product"}],"replies":[{"embeddable":true,"href":"https:\/\/elsecretodelosdruidas.com\/tiendaonline\/index.php?rest_route=%2Fwp%2Fv2%2Fcomments&post=17"}],"wp:featuredmedia":[{"embeddable":true,"href":"https:\/\/elsecretodelosdruidas.com\/tiendaonline\/index.php?rest_route=\/wp\/v2\/media\/47"}],"wp:attachment":[{"href":"https:\/\/elsecretodelosdruidas.com\/tiendaonline\/index.php?rest_route=%2Fwp%2Fv2%2Fmedia&parent=17"}],"wp:term":[{"taxonomy":"product_cat","embeddable":true,"href":"https:\/\/elsecretodelosdruidas.com\/tiendaonline\/index.php?rest_route=%2Fwp%2Fv2%2Fproduct_cat&post=17"},{"taxonomy":"product_tag","embeddable":true,"href":"https:\/\/elsecretodelosdruidas.com\/tiendaonline\/index.php?rest_route=%2Fwp%2Fv2%2Fproduct_tag&post=17"}],"curies":[{"name":"wp","href":"https:\/\/api.w.org\/{rel}","templated":true}]}}