{"id":1715,"date":"2025-07-28T15:57:38","date_gmt":"2025-07-28T15:57:38","guid":{"rendered":"https:\/\/elsecretodelosdruidas.com\/tiendaonline\/?post_type=product&#038;p=1715"},"modified":"2025-09-17T23:39:14","modified_gmt":"2025-09-17T23:39:14","slug":"luna-de-selenita","status":"publish","type":"product","link":"https:\/\/elsecretodelosdruidas.com\/tiendaonline\/?product=luna-de-selenita","title":{"rendered":"Luna de selenita"},"content":{"rendered":"","protected":false},"excerpt":{"rendered":"<p>La selenita tiene diferentes propiedades como :<\/p>\n<p>\u2022Limpieza energ\u00e9tica: Se considera que la selenita puede absorber y eliminar energ\u00edas negativas tanto de personas como de espacios y otros cristales.<\/p>\n<p>\u2022Claridad mental: Se cree que ayuda a calmar la mente, promoviendo la concentraci\u00f3n y la toma de decisiones m\u00e1s claras.<\/p>\n<p>\u2022Conexi\u00f3n espiritual: Facilita la meditaci\u00f3n y la conexi\u00f3n con gu\u00edas espirituales o la propia intuici\u00f3n.<\/p>\n<p>\u2022Equilibrio energ\u00e9tico: Se utiliza para alinear los chakras y purificar el aura.<\/p>\n<p>\u2022Paz interior: Se le atribuye la capacidad de fomentar la armon\u00eda y la paz interior.<\/p>\n","protected":false},"featured_media":1653,"comment_status":"open","ping_status":"closed","template":"","meta":{"_eb_attr":"","_monsterinsights_skip_tracking":false,"_monsterinsights_sitenote_active":false,"_monsterinsights_sitenote_note":"","_monsterinsights_sitenote_category":0,"_joinchat":[]},"product_cat":[27],"product_tag":[],"class_list":{"0":"post-1715","1":"product","2":"type-product","3":"status-publish","4":"has-post-thumbnail","6":"product_cat-minerales-rodados","8":"first","9":"instock","10":"taxable","11":"shipping-taxable","12":"purchasable","13":"product-type-simple"},"_links":{"self":[{"href":"https:\/\/elsecretodelosdruidas.com\/tiendaonline\/index.php?rest_route=\/wp\/v2\/product\/1715"}],"collection":[{"href":"https:\/\/elsecretodelosdruidas.com\/tiendaonline\/index.php?rest_route=\/wp\/v2\/product"}],"about":[{"href":"https:\/\/elsecretodelosdruidas.com\/tiendaonline\/index.php?rest_route=\/wp\/v2\/types\/product"}],"replies":[{"embeddable":true,"href":"https:\/\/elsecretodelosdruidas.com\/tiendaonline\/index.php?rest_route=%2Fwp%2Fv2%2Fcomments&post=1715"}],"wp:featuredmedia":[{"embeddable":true,"href":"https:\/\/elsecretodelosdruidas.com\/tiendaonline\/index.php?rest_route=\/wp\/v2\/media\/1653"}],"wp:attachment":[{"href":"https:\/\/elsecretodelosdruidas.com\/tiendaonline\/index.php?rest_route=%2Fwp%2Fv2%2Fmedia&parent=1715"}],"wp:term":[{"taxonomy":"product_cat","embeddable":true,"href":"https:\/\/elsecretodelosdruidas.com\/tiendaonline\/index.php?rest_route=%2Fwp%2Fv2%2Fproduct_cat&post=1715"},{"taxonomy":"product_tag","embeddable":true,"href":"https:\/\/elsecretodelosdruidas.com\/tiendaonline\/index.php?rest_route=%2Fwp%2Fv2%2Fproduct_tag&post=1715"}],"curies":[{"name":"wp","href":"https:\/\/api.w.org\/{rel}","templated":true}]}}