{"id":1720,"date":"2025-07-28T16:27:43","date_gmt":"2025-07-28T16:27:43","guid":{"rendered":"https:\/\/elsecretodelosdruidas.com\/tiendaonline\/?post_type=product&#038;p=1720"},"modified":"2025-09-17T23:38:17","modified_gmt":"2025-09-17T23:38:17","slug":"galena-mini","status":"publish","type":"product","link":"https:\/\/elsecretodelosdruidas.com\/tiendaonline\/?product=galena-mini","title":{"rendered":"Galena mini"},"content":{"rendered":"","protected":false},"excerpt":{"rendered":"<p>La galena es una piedra que cuenta con una gran energ\u00eda estimulante, la cual estabiliza y permite que todos los pensamientos malignos sean bloqueados.<\/p>\n<p>Funciona como un im\u00e1n de seguridad, evitando al m\u00e1ximo los momentos de confusi\u00f3n, conflicto mental o sobresaturaci\u00f3n ante cualquier situaci\u00f3n que pueda causar estr\u00e9s.<\/p>\n<p>Esta roca es realmente \u00fatil para aperturar los caminos beneficiosos y se encarga de iluminarlos.<\/p>\n<p>Se encarga de promover, en cualquier ambiente, la armon\u00eda y la paz, permitiendo que se sea m\u00e1s emp\u00e1tico.<\/p>\n<p>Miden : 1-2cm<\/p>\n","protected":false},"featured_media":1664,"comment_status":"open","ping_status":"closed","template":"","meta":{"_eb_attr":"","_monsterinsights_skip_tracking":false,"_monsterinsights_sitenote_active":false,"_monsterinsights_sitenote_note":"","_monsterinsights_sitenote_category":0,"_joinchat":[]},"product_cat":[26],"product_tag":[],"class_list":{"0":"post-1720","1":"product","2":"type-product","3":"status-publish","4":"has-post-thumbnail","6":"product_cat-minerales-masivos","8":"first","9":"instock","10":"taxable","11":"shipping-taxable","12":"purchasable","13":"product-type-simple"},"_links":{"self":[{"href":"https:\/\/elsecretodelosdruidas.com\/tiendaonline\/index.php?rest_route=\/wp\/v2\/product\/1720"}],"collection":[{"href":"https:\/\/elsecretodelosdruidas.com\/tiendaonline\/index.php?rest_route=\/wp\/v2\/product"}],"about":[{"href":"https:\/\/elsecretodelosdruidas.com\/tiendaonline\/index.php?rest_route=\/wp\/v2\/types\/product"}],"replies":[{"embeddable":true,"href":"https:\/\/elsecretodelosdruidas.com\/tiendaonline\/index.php?rest_route=%2Fwp%2Fv2%2Fcomments&post=1720"}],"wp:featuredmedia":[{"embeddable":true,"href":"https:\/\/elsecretodelosdruidas.com\/tiendaonline\/index.php?rest_route=\/wp\/v2\/media\/1664"}],"wp:attachment":[{"href":"https:\/\/elsecretodelosdruidas.com\/tiendaonline\/index.php?rest_route=%2Fwp%2Fv2%2Fmedia&parent=1720"}],"wp:term":[{"taxonomy":"product_cat","embeddable":true,"href":"https:\/\/elsecretodelosdruidas.com\/tiendaonline\/index.php?rest_route=%2Fwp%2Fv2%2Fproduct_cat&post=1720"},{"taxonomy":"product_tag","embeddable":true,"href":"https:\/\/elsecretodelosdruidas.com\/tiendaonline\/index.php?rest_route=%2Fwp%2Fv2%2Fproduct_tag&post=1720"}],"curies":[{"name":"wp","href":"https:\/\/api.w.org\/{rel}","templated":true}]}}