{"id":1854,"date":"2025-09-24T19:41:13","date_gmt":"2025-09-24T19:41:13","guid":{"rendered":"https:\/\/elsecretodelosdruidas.com\/tiendaonline\/?post_type=product&#038;p=1854"},"modified":"2025-09-24T19:41:13","modified_gmt":"2025-09-24T19:41:13","slug":"vela-de-la-diosa-celta-epona","status":"publish","type":"product","link":"https:\/\/elsecretodelosdruidas.com\/tiendaonline\/?product=vela-de-la-diosa-celta-epona","title":{"rendered":"Vela de la diosa celta Epona"},"content":{"rendered":"","protected":false},"excerpt":{"rendered":"<p>La diosa celta Epona , es la diosa de los caballos ,de la fertilidad y de la naturaleza ,adem\u00e1s de que est\u00e1 asociada con el agua y la curaci\u00f3n. Es la \u00fanica diosa gala integrada dentro del pante\u00f3n romano incluso le dedicaron una fiesta al 18 de diciembre llamada Eponalia.\u00a0 Era la diosa que proteg\u00eda la caballer\u00eda romana en el campo de batalla.<\/p>\n<p>Se le conoce con distintos nombres como Edain en Irlanda o Epane.\u00a0 Casi siempre aparece junto a un caballo que simboliza el poder y la fertilidad , la gran mayor\u00eda de veces sentada en el lomo de una yegua.<\/p>\n","protected":false},"featured_media":1851,"comment_status":"open","ping_status":"closed","template":"","meta":{"_eb_attr":"","_monsterinsights_skip_tracking":false,"_monsterinsights_sitenote_active":false,"_monsterinsights_sitenote_note":"","_monsterinsights_sitenote_category":0,"_joinchat":[]},"product_cat":[20],"product_tag":[],"class_list":{"0":"post-1854","1":"product","2":"type-product","3":"status-publish","4":"has-post-thumbnail","6":"product_cat-artesania-celta","8":"first","9":"onbackorder","10":"taxable","11":"shipping-taxable","12":"purchasable","13":"product-type-simple"},"_links":{"self":[{"href":"https:\/\/elsecretodelosdruidas.com\/tiendaonline\/index.php?rest_route=\/wp\/v2\/product\/1854"}],"collection":[{"href":"https:\/\/elsecretodelosdruidas.com\/tiendaonline\/index.php?rest_route=\/wp\/v2\/product"}],"about":[{"href":"https:\/\/elsecretodelosdruidas.com\/tiendaonline\/index.php?rest_route=\/wp\/v2\/types\/product"}],"replies":[{"embeddable":true,"href":"https:\/\/elsecretodelosdruidas.com\/tiendaonline\/index.php?rest_route=%2Fwp%2Fv2%2Fcomments&post=1854"}],"wp:featuredmedia":[{"embeddable":true,"href":"https:\/\/elsecretodelosdruidas.com\/tiendaonline\/index.php?rest_route=\/wp\/v2\/media\/1851"}],"wp:attachment":[{"href":"https:\/\/elsecretodelosdruidas.com\/tiendaonline\/index.php?rest_route=%2Fwp%2Fv2%2Fmedia&parent=1854"}],"wp:term":[{"taxonomy":"product_cat","embeddable":true,"href":"https:\/\/elsecretodelosdruidas.com\/tiendaonline\/index.php?rest_route=%2Fwp%2Fv2%2Fproduct_cat&post=1854"},{"taxonomy":"product_tag","embeddable":true,"href":"https:\/\/elsecretodelosdruidas.com\/tiendaonline\/index.php?rest_route=%2Fwp%2Fv2%2Fproduct_tag&post=1854"}],"curies":[{"name":"wp","href":"https:\/\/api.w.org\/{rel}","templated":true}]}}