{"id":1855,"date":"2025-09-24T19:49:40","date_gmt":"2025-09-24T19:49:40","guid":{"rendered":"https:\/\/elsecretodelosdruidas.com\/tiendaonline\/?post_type=product&#038;p=1855"},"modified":"2025-09-24T19:49:41","modified_gmt":"2025-09-24T19:49:41","slug":"vela-de-la-diosa-celta-cailleach","status":"publish","type":"product","link":"https:\/\/elsecretodelosdruidas.com\/tiendaonline\/?product=vela-de-la-diosa-celta-cailleach","title":{"rendered":"Vela de la diosa celta Cailleach"},"content":{"rendered":"","protected":false},"excerpt":{"rendered":"<p>La diosa celta Cailleach es una diosa de la cual apenas se habla pero que es muy interesante por su relaci\u00f3n con la festividad de Samhain y Beltane.<\/p>\n<p>A Cailleach se le rend\u00eda culto para pedirle que cuidase los cultivos, la naturaleza y al mundo y adem\u00e1s le otorgaba sabidur\u00eda a sus fieles.<\/p>\n<p>La diosa celta Cailleach es la diosa del invierno y al doncella de la primavera aunque se encuentra m\u00e1s activa entre los meses de diciembre y enero .<\/p>\n<p>Cailleach es la diosa celta del clima y los vientos y era venerada en Escocia. En Inglaterra la llamaban &#8220;la Bruja Azul&#8221; como si fuese un esp\u00edritu maligno ya que alteraba las condiciones climatol\u00f3gicas a su antojo y la cual tampoco permit\u00eda el libre desarrollo de la naturaleza.<\/p>\n","protected":false},"featured_media":1845,"comment_status":"open","ping_status":"closed","template":"","meta":{"_eb_attr":"","_monsterinsights_skip_tracking":false,"_monsterinsights_sitenote_active":false,"_monsterinsights_sitenote_note":"","_monsterinsights_sitenote_category":0,"_joinchat":[]},"product_cat":[20],"product_tag":[],"class_list":{"0":"post-1855","1":"product","2":"type-product","3":"status-publish","4":"has-post-thumbnail","6":"product_cat-artesania-celta","8":"first","9":"onbackorder","10":"taxable","11":"shipping-taxable","12":"purchasable","13":"product-type-simple"},"_links":{"self":[{"href":"https:\/\/elsecretodelosdruidas.com\/tiendaonline\/index.php?rest_route=\/wp\/v2\/product\/1855"}],"collection":[{"href":"https:\/\/elsecretodelosdruidas.com\/tiendaonline\/index.php?rest_route=\/wp\/v2\/product"}],"about":[{"href":"https:\/\/elsecretodelosdruidas.com\/tiendaonline\/index.php?rest_route=\/wp\/v2\/types\/product"}],"replies":[{"embeddable":true,"href":"https:\/\/elsecretodelosdruidas.com\/tiendaonline\/index.php?rest_route=%2Fwp%2Fv2%2Fcomments&post=1855"}],"wp:featuredmedia":[{"embeddable":true,"href":"https:\/\/elsecretodelosdruidas.com\/tiendaonline\/index.php?rest_route=\/wp\/v2\/media\/1845"}],"wp:attachment":[{"href":"https:\/\/elsecretodelosdruidas.com\/tiendaonline\/index.php?rest_route=%2Fwp%2Fv2%2Fmedia&parent=1855"}],"wp:term":[{"taxonomy":"product_cat","embeddable":true,"href":"https:\/\/elsecretodelosdruidas.com\/tiendaonline\/index.php?rest_route=%2Fwp%2Fv2%2Fproduct_cat&post=1855"},{"taxonomy":"product_tag","embeddable":true,"href":"https:\/\/elsecretodelosdruidas.com\/tiendaonline\/index.php?rest_route=%2Fwp%2Fv2%2Fproduct_tag&post=1855"}],"curies":[{"name":"wp","href":"https:\/\/api.w.org\/{rel}","templated":true}]}}