{"id":1885,"date":"2025-10-05T16:44:47","date_gmt":"2025-10-05T16:44:47","guid":{"rendered":"https:\/\/elsecretodelosdruidas.com\/tiendaonline\/?post_type=product&#038;p=1885"},"modified":"2025-10-05T16:44:47","modified_gmt":"2025-10-05T16:44:47","slug":"runas-vikingas-de-ojo-de-tigre","status":"publish","type":"product","link":"https:\/\/elsecretodelosdruidas.com\/tiendaonline\/?product=runas-vikingas-de-ojo-de-tigre","title":{"rendered":"Runas vikingas de ojo de tigre"},"content":{"rendered":"","protected":false},"excerpt":{"rendered":"<p>El ojo de tigre protege contra energ\u00edas negativas, hechizos y la magia negra, a la vez que eleva la autoestima, la confianza en uno mismo y el coraje para enfrentar desaf\u00edos. Tambi\u00e9n el ojo de tigre favorece la estabilidad emocional y armoniza las energ\u00edas Yin y Yang. Con estas runas de ojo de tigre sacar\u00e1s t\u00fa fuerza interior, la creatividad, la determinaci\u00f3n y el impulso para alcanzar objetivos. Tambi\u00e9n te ayudar\u00e1 a agudizar la atenci\u00f3n, mejorar la concentraci\u00f3n y fomentar la claridad mental y espiritual.<\/p>\n","protected":false},"featured_media":1886,"comment_status":"open","ping_status":"closed","template":"","meta":{"_eb_attr":"","_monsterinsights_skip_tracking":false,"_monsterinsights_sitenote_active":false,"_monsterinsights_sitenote_note":"","_monsterinsights_sitenote_category":0,"_joinchat":[]},"product_cat":[19],"product_tag":[],"class_list":{"0":"post-1885","1":"product","2":"type-product","3":"status-publish","4":"has-post-thumbnail","6":"product_cat-artesania-vikinga","8":"first","9":"instock","10":"taxable","11":"shipping-taxable","12":"purchasable","13":"product-type-simple"},"_links":{"self":[{"href":"https:\/\/elsecretodelosdruidas.com\/tiendaonline\/index.php?rest_route=\/wp\/v2\/product\/1885"}],"collection":[{"href":"https:\/\/elsecretodelosdruidas.com\/tiendaonline\/index.php?rest_route=\/wp\/v2\/product"}],"about":[{"href":"https:\/\/elsecretodelosdruidas.com\/tiendaonline\/index.php?rest_route=\/wp\/v2\/types\/product"}],"replies":[{"embeddable":true,"href":"https:\/\/elsecretodelosdruidas.com\/tiendaonline\/index.php?rest_route=%2Fwp%2Fv2%2Fcomments&post=1885"}],"wp:featuredmedia":[{"embeddable":true,"href":"https:\/\/elsecretodelosdruidas.com\/tiendaonline\/index.php?rest_route=\/wp\/v2\/media\/1886"}],"wp:attachment":[{"href":"https:\/\/elsecretodelosdruidas.com\/tiendaonline\/index.php?rest_route=%2Fwp%2Fv2%2Fmedia&parent=1885"}],"wp:term":[{"taxonomy":"product_cat","embeddable":true,"href":"https:\/\/elsecretodelosdruidas.com\/tiendaonline\/index.php?rest_route=%2Fwp%2Fv2%2Fproduct_cat&post=1885"},{"taxonomy":"product_tag","embeddable":true,"href":"https:\/\/elsecretodelosdruidas.com\/tiendaonline\/index.php?rest_route=%2Fwp%2Fv2%2Fproduct_tag&post=1885"}],"curies":[{"name":"wp","href":"https:\/\/api.w.org\/{rel}","templated":true}]}}