{"id":2010,"date":"2025-12-06T23:39:35","date_gmt":"2025-12-06T23:39:35","guid":{"rendered":"https:\/\/elsecretodelosdruidas.com\/tiendaonline\/?post_type=product&#038;p=2010"},"modified":"2025-12-06T23:39:35","modified_gmt":"2025-12-06T23:39:35","slug":"peinecillo-simbologia-celtica","status":"publish","type":"product","link":"https:\/\/elsecretodelosdruidas.com\/tiendaonline\/?product=peinecillo-simbologia-celtica","title":{"rendered":"Peinecillo simbolog\u00eda c\u00e9ltica"},"content":{"rendered":"","protected":false},"excerpt":{"rendered":"<p>Peinecillo de acero inoxidable con simbolog\u00eda c\u00e9ltica (trisquel , triqueta , entrelazado c\u00e9ltico)<\/p>\n","protected":false},"featured_media":2009,"comment_status":"open","ping_status":"closed","template":"","meta":{"_eb_attr":"","_monsterinsights_skip_tracking":false,"_monsterinsights_sitenote_active":false,"_monsterinsights_sitenote_note":"","_monsterinsights_sitenote_category":0,"_joinchat":[]},"product_cat":[20],"product_tag":[],"class_list":{"0":"post-2010","1":"product","2":"type-product","3":"status-publish","4":"has-post-thumbnail","6":"product_cat-artesania-celta","8":"first","9":"instock","10":"taxable","11":"shipping-taxable","12":"purchasable","13":"product-type-simple"},"_links":{"self":[{"href":"https:\/\/elsecretodelosdruidas.com\/tiendaonline\/index.php?rest_route=\/wp\/v2\/product\/2010"}],"collection":[{"href":"https:\/\/elsecretodelosdruidas.com\/tiendaonline\/index.php?rest_route=\/wp\/v2\/product"}],"about":[{"href":"https:\/\/elsecretodelosdruidas.com\/tiendaonline\/index.php?rest_route=\/wp\/v2\/types\/product"}],"replies":[{"embeddable":true,"href":"https:\/\/elsecretodelosdruidas.com\/tiendaonline\/index.php?rest_route=%2Fwp%2Fv2%2Fcomments&post=2010"}],"wp:featuredmedia":[{"embeddable":true,"href":"https:\/\/elsecretodelosdruidas.com\/tiendaonline\/index.php?rest_route=\/wp\/v2\/media\/2009"}],"wp:attachment":[{"href":"https:\/\/elsecretodelosdruidas.com\/tiendaonline\/index.php?rest_route=%2Fwp%2Fv2%2Fmedia&parent=2010"}],"wp:term":[{"taxonomy":"product_cat","embeddable":true,"href":"https:\/\/elsecretodelosdruidas.com\/tiendaonline\/index.php?rest_route=%2Fwp%2Fv2%2Fproduct_cat&post=2010"},{"taxonomy":"product_tag","embeddable":true,"href":"https:\/\/elsecretodelosdruidas.com\/tiendaonline\/index.php?rest_route=%2Fwp%2Fv2%2Fproduct_tag&post=2010"}],"curies":[{"name":"wp","href":"https:\/\/api.w.org\/{rel}","templated":true}]}}