{"id":2013,"date":"2025-12-15T00:40:17","date_gmt":"2025-12-15T00:40:17","guid":{"rendered":"https:\/\/elsecretodelosdruidas.com\/tiendaonline\/?post_type=product&#038;p=2013"},"modified":"2025-12-16T22:47:25","modified_gmt":"2025-12-16T22:47:25","slug":"jabon-de-chocolate","status":"publish","type":"product","link":"https:\/\/elsecretodelosdruidas.com\/tiendaonline\/?product=jabon-de-chocolate","title":{"rendered":"Jab\u00f3n de chocolate"},"content":{"rendered":"","protected":false},"excerpt":{"rendered":"<p>Jab\u00f3n artesanal con un dise\u00f1o \u00fanico en forma de flor, ideal para a\u00f1adir un toque especial a tu ba\u00f1o o como detalle.<\/p>\n<p>&#8211; Elaborado con ingredientes de calidad.<br \/>\n&#8211; Aroma agradable y duradero.<br \/>\n&#8211; Presentaci\u00f3n cuidada.<\/p>\n<p>El chocolate, gracias al cacao, es excelente para la piel por sus propiedades antioxidantes (combaten el envejecimiento), hidratantes (\u00e1cidos grasos), antiinflamatorias (calman irritaciones) y por mejorar la circulaci\u00f3n y elasticidad, reduciendo arrugas y dando un aspecto m\u00e1s radiante y suave, gracias a flavonoides y minerales como magnesio, calcio y zinc.<\/p>\n<p>\u2022El peso aproximado es de 40 gramos.<\/p>\n<p>\u2022El precio es por unidad.<\/p>\n<p>\u2022El color y la forma pueden variar.<\/p>\n<p>\u2022Apto para cara ,cuerpo y cabello.<\/p>\n","protected":false},"featured_media":2017,"comment_status":"open","ping_status":"closed","template":"","meta":{"_eb_attr":"","_monsterinsights_skip_tracking":false,"_monsterinsights_sitenote_active":false,"_monsterinsights_sitenote_note":"","_monsterinsights_sitenote_category":0,"_joinchat":[]},"product_cat":[17],"product_tag":[],"class_list":{"0":"post-2013","1":"product","2":"type-product","3":"status-publish","4":"has-post-thumbnail","6":"product_cat-cosmetica-natural","8":"first","9":"instock","10":"taxable","11":"shipping-taxable","12":"purchasable","13":"product-type-simple"},"_links":{"self":[{"href":"https:\/\/elsecretodelosdruidas.com\/tiendaonline\/index.php?rest_route=\/wp\/v2\/product\/2013"}],"collection":[{"href":"https:\/\/elsecretodelosdruidas.com\/tiendaonline\/index.php?rest_route=\/wp\/v2\/product"}],"about":[{"href":"https:\/\/elsecretodelosdruidas.com\/tiendaonline\/index.php?rest_route=\/wp\/v2\/types\/product"}],"replies":[{"embeddable":true,"href":"https:\/\/elsecretodelosdruidas.com\/tiendaonline\/index.php?rest_route=%2Fwp%2Fv2%2Fcomments&post=2013"}],"wp:featuredmedia":[{"embeddable":true,"href":"https:\/\/elsecretodelosdruidas.com\/tiendaonline\/index.php?rest_route=\/wp\/v2\/media\/2017"}],"wp:attachment":[{"href":"https:\/\/elsecretodelosdruidas.com\/tiendaonline\/index.php?rest_route=%2Fwp%2Fv2%2Fmedia&parent=2013"}],"wp:term":[{"taxonomy":"product_cat","embeddable":true,"href":"https:\/\/elsecretodelosdruidas.com\/tiendaonline\/index.php?rest_route=%2Fwp%2Fv2%2Fproduct_cat&post=2013"},{"taxonomy":"product_tag","embeddable":true,"href":"https:\/\/elsecretodelosdruidas.com\/tiendaonline\/index.php?rest_route=%2Fwp%2Fv2%2Fproduct_tag&post=2013"}],"curies":[{"name":"wp","href":"https:\/\/api.w.org\/{rel}","templated":true}]}}