{"id":2054,"date":"2026-01-03T23:28:39","date_gmt":"2026-01-03T23:28:39","guid":{"rendered":"https:\/\/elsecretodelosdruidas.com\/tiendaonline\/?post_type=product&#038;p=2054"},"modified":"2026-01-03T23:30:37","modified_gmt":"2026-01-03T23:30:37","slug":"tarjeta-regalo-curso-hechiceria-koldunica","status":"publish","type":"product","link":"https:\/\/elsecretodelosdruidas.com\/tiendaonline\/?product=tarjeta-regalo-curso-hechiceria-koldunica","title":{"rendered":"Tarjeta regalo curso Hechicer\u00eda Koldunica"},"content":{"rendered":"","protected":false},"excerpt":{"rendered":"<p><strong>\u00bfQu\u00e9 es y en qu\u00e9 consiste?<\/strong><\/p>\n<p>Cuando hablamos de brujer\u00eda eslava nos referimos a la sabidur\u00eda y la cosmovisi\u00f3n de un gran pueblo cuyo origen se situar\u00eda entre el r\u00edo Vistula y el Dnieper en el siglo I a. C.<\/p>\n<p>En este curso nos centraremos en factores clave como la magia y la mitolog\u00eda eslava y por tanto la brujer\u00eda, de la cual ellos no ten\u00edan la misma visi\u00f3n que tenemos en la actualidad.<\/p>\n<p>Hablaremos de las vedmas o vedun, unas personas de apariencia normal excepto por un detalle f\u00edsico que conoceremos en este trayecto. Tambi\u00e9n viajaremos a trav\u00e9s del folklore eslavo para identificar algunas de las cualidades que pose\u00edan como la capacidad de propiciar enfermedades o sequ\u00edas y conoceremos el maravilloso arte de la elaboraci\u00f3n de nudos mediante plantas y otras sustancias.<\/p>\n<p>Por \u00faltimo, y no por ello menos importante, veremos las festividades m\u00e1s que una vedma ten\u00eda en su calendario como bien podr\u00eda ser Kolyada, el nacimiento del dios Sol.<\/p>\n<p>Es un curso para adentrarnos en lo m\u00e1s profundo del folklore eslavo, muy desconocido en la parte occidental de Europa pero que lleg\u00f3 hasta nosotros a trav\u00e9s de otros pueblos como los celtas &#8221;<\/p>\n<p>&nbsp;<\/p>\n<p><strong>Temario<\/strong><\/p>\n<p>1- Introducci\u00f3n a la historia eslava.<\/p>\n<p>2- Dioses principales eslavos.<\/p>\n<p>3- \u00bfQu\u00e9 es un vedun o vedma ?<\/p>\n<p>4- Shabash.<\/p>\n<p>5- Los vuelos.<\/p>\n<p>6- Orde\u00f1ar las vacas.<\/p>\n<p>7- Zavitki.<\/p>\n<p>8- La magia de los nudos.<\/p>\n<p>9- La escalera de las vedmas.<\/p>\n<p>10- Aprendizaje para la practica y la conexi\u00f3n con los esp\u00edritus.<\/p>\n<p>11- Plantas utilizadas por las vedmas.<\/p>\n<p>12- Alquimia.<\/p>\n<p>13- Protecciones.<\/p>\n<p>14- Muerte de una vedma.<\/p>\n<p>&nbsp;<\/p>\n<p><strong>Calendario<\/strong><\/p>\n<p>La formaci\u00f3n se impartir\u00e1 en formato online en directo, en el mes de febrero en horario de 19:00 a 21:00 (hora de Madrid, Espa\u00f1a).<\/p>\n<p>Consta de 6 clases de unas dos horas de duraci\u00f3n aproximada cada una, unas 12 horas lectivas en castellano.<\/p>\n<p>Las clases se realizar\u00e1n mediante la plataforma Zoom , Meet o Skpe (todav\u00eda por determinar) en directo de 19 a 21 hora peninsular espa\u00f1ola aunque te puedes inscribir desde cualquier parte del mundo.<\/p>\n<p>Si no puedes asistir no te preocupes , ya que tendr\u00e1s acceso a las clases durante 3 meses.<\/p>\n<p>&nbsp;<\/p>\n<p><strong>\u00bfC\u00f3mo funciona la inscripci\u00f3n?<\/strong><\/p>\n<p>Una vez realices la compra recibir\u00e1s en el correo electr\u00f3nico con el que has realizado la compra en un plazo de 72h como m\u00e1ximo un correo de bienvenida.<\/p>\n<p>El alumnado contar\u00e1 con un correo electr\u00f3nico para ponerse en contacto con el profesor as\u00ed como la invitaci\u00f3n a un grupo privado de Telegram para compartir las dudas.<\/p>\n<p>\ud83d\udd34Para acceder al curso con esta tarjeta regalo deber\u00e1s poseer el n\u00famero de pedido para as\u00ed verificar la compra y una vez nos lo facilites tendr\u00e1s ya acceso. La tarjeta regalo te llegar\u00e1 al email que nos facilites a la hora de realizar la compra.<\/p>\n<p>&nbsp;<\/p>\n<p><strong>Profesora<\/strong>:<\/p>\n<p>Africa Casta\u00f1eda es Perito Judicial en Arqueolog\u00eda especializada en cultura celta y pueblos paganos de la Edad del Hierro europea. Desde el a\u00f1o 2010 tiene su propia proyecto &#8220;El Secreto de los Druidas&#8221; donde divulga historia y arqueolog\u00eda de la cultura celta y pueblos paganos de la Edad del Hierro europea. Ha trabajado y colaborado con numerosos medios tanto nacionales como internacionales como museos , revistas ,radios, podcast, ponencias en congresos y universidades &#8230;.dando a conocer la cultura celta en todas sus vertientes desde un punto de vista arqueol\u00f3gico y ameno apto para todos los p\u00fablicos.<\/p>\n","protected":false},"featured_media":2055,"comment_status":"open","ping_status":"closed","template":"","meta":{"_eb_attr":"","_monsterinsights_skip_tracking":false,"_monsterinsights_sitenote_active":false,"_monsterinsights_sitenote_note":"","_monsterinsights_sitenote_category":0,"_joinchat":[]},"product_cat":[288],"product_tag":[],"class_list":{"0":"post-2054","1":"product","2":"type-product","3":"status-publish","4":"has-post-thumbnail","6":"product_cat-formacion","8":"first","9":"instock","10":"virtual","11":"taxable","12":"purchasable","13":"product-type-simple"},"_links":{"self":[{"href":"https:\/\/elsecretodelosdruidas.com\/tiendaonline\/index.php?rest_route=\/wp\/v2\/product\/2054"}],"collection":[{"href":"https:\/\/elsecretodelosdruidas.com\/tiendaonline\/index.php?rest_route=\/wp\/v2\/product"}],"about":[{"href":"https:\/\/elsecretodelosdruidas.com\/tiendaonline\/index.php?rest_route=\/wp\/v2\/types\/product"}],"replies":[{"embeddable":true,"href":"https:\/\/elsecretodelosdruidas.com\/tiendaonline\/index.php?rest_route=%2Fwp%2Fv2%2Fcomments&post=2054"}],"wp:featuredmedia":[{"embeddable":true,"href":"https:\/\/elsecretodelosdruidas.com\/tiendaonline\/index.php?rest_route=\/wp\/v2\/media\/2055"}],"wp:attachment":[{"href":"https:\/\/elsecretodelosdruidas.com\/tiendaonline\/index.php?rest_route=%2Fwp%2Fv2%2Fmedia&parent=2054"}],"wp:term":[{"taxonomy":"product_cat","embeddable":true,"href":"https:\/\/elsecretodelosdruidas.com\/tiendaonline\/index.php?rest_route=%2Fwp%2Fv2%2Fproduct_cat&post=2054"},{"taxonomy":"product_tag","embeddable":true,"href":"https:\/\/elsecretodelosdruidas.com\/tiendaonline\/index.php?rest_route=%2Fwp%2Fv2%2Fproduct_tag&post=2054"}],"curies":[{"name":"wp","href":"https:\/\/api.w.org\/{rel}","templated":true}]}}