{"id":2068,"date":"2026-02-04T00:25:41","date_gmt":"2026-02-04T00:25:41","guid":{"rendered":"https:\/\/elsecretodelosdruidas.com\/tiendaonline\/?post_type=product&#038;p=2068"},"modified":"2026-02-04T00:27:40","modified_gmt":"2026-02-04T00:27:40","slug":"conferencia-rueda-anual-celta","status":"publish","type":"product","link":"https:\/\/elsecretodelosdruidas.com\/tiendaonline\/?product=conferencia-rueda-anual-celta","title":{"rendered":"Conferencia Rueda Anual Celta (5\u00b0 edici\u00f3n)"},"content":{"rendered":"","protected":false},"excerpt":{"rendered":"<p>Aunque el t\u00e9rmino &#8220;Rueda del A\u00f1o&#8221; es una construcci\u00f3n moderna (influenciada por el neopaganismo y la Wicca), se basa en los ciclos estacionales que las antiguas culturas celtas y germ\u00e1nicas segu\u00edan rigurosamente. Representa el ciclo de la vida, la muerte y el renacimiento de la naturaleza.<\/p>\n<p>La rueda se divide en 8 festividades principales (Sabbats): Samhain , Yule , Imbolc ,Ostara, Beltane, Litha ,Lugnasad y Mabon.<\/p>\n<ul>\n<li>\n<p data-path-to-node=\"10,0,0\"><b data-path-to-node=\"10,0,0\" data-index-in-node=\"0\">Fecha:<\/b> 18 de marzo.<\/p>\n<\/li>\n<li>\n<p data-path-to-node=\"10,1,0\"><b data-path-to-node=\"10,1,0\" data-index-in-node=\"0\">Horario:<\/b> 19:00 a 21:30 (Hora peninsular espa\u00f1ola). Es una sesi\u00f3n intensiva de dos horas y media.<\/p>\n<\/li>\n<li>\n<p data-path-to-node=\"10,2,0\"><b data-path-to-node=\"10,2,0\" data-index-in-node=\"0\">Modalidad:<\/b> Online (Skype o Google Meet). Esto facilita que puedas unirte desde cualquier lugar sin moverte del sof\u00e1.<\/p>\n<\/li>\n<\/ul>\n","protected":false},"featured_media":2069,"comment_status":"open","ping_status":"closed","template":"","meta":{"_eb_attr":"","_monsterinsights_skip_tracking":false,"_monsterinsights_sitenote_active":false,"_monsterinsights_sitenote_note":"","_monsterinsights_sitenote_category":0,"_joinchat":[]},"product_cat":[288],"product_tag":[],"class_list":{"0":"post-2068","1":"product","2":"type-product","3":"status-publish","4":"has-post-thumbnail","6":"product_cat-formacion","8":"first","9":"instock","10":"virtual","11":"taxable","12":"purchasable","13":"product-type-simple"},"_links":{"self":[{"href":"https:\/\/elsecretodelosdruidas.com\/tiendaonline\/index.php?rest_route=\/wp\/v2\/product\/2068"}],"collection":[{"href":"https:\/\/elsecretodelosdruidas.com\/tiendaonline\/index.php?rest_route=\/wp\/v2\/product"}],"about":[{"href":"https:\/\/elsecretodelosdruidas.com\/tiendaonline\/index.php?rest_route=\/wp\/v2\/types\/product"}],"replies":[{"embeddable":true,"href":"https:\/\/elsecretodelosdruidas.com\/tiendaonline\/index.php?rest_route=%2Fwp%2Fv2%2Fcomments&post=2068"}],"wp:featuredmedia":[{"embeddable":true,"href":"https:\/\/elsecretodelosdruidas.com\/tiendaonline\/index.php?rest_route=\/wp\/v2\/media\/2069"}],"wp:attachment":[{"href":"https:\/\/elsecretodelosdruidas.com\/tiendaonline\/index.php?rest_route=%2Fwp%2Fv2%2Fmedia&parent=2068"}],"wp:term":[{"taxonomy":"product_cat","embeddable":true,"href":"https:\/\/elsecretodelosdruidas.com\/tiendaonline\/index.php?rest_route=%2Fwp%2Fv2%2Fproduct_cat&post=2068"},{"taxonomy":"product_tag","embeddable":true,"href":"https:\/\/elsecretodelosdruidas.com\/tiendaonline\/index.php?rest_route=%2Fwp%2Fv2%2Fproduct_tag&post=2068"}],"curies":[{"name":"wp","href":"https:\/\/api.w.org\/{rel}","templated":true}]}}