{"id":25,"date":"2023-03-13T16:29:43","date_gmt":"2023-03-13T16:29:43","guid":{"rendered":"https:\/\/elsecretodelosdruidas.com\/tiendaonline\/?post_type=product&#038;p=25"},"modified":"2026-04-26T21:21:26","modified_gmt":"2026-04-26T21:21:26","slug":"muneco-de-druida-personalizable","status":"publish","type":"product","link":"https:\/\/elsecretodelosdruidas.com\/tiendaonline\/?product=muneco-de-druida-personalizable","title":{"rendered":"Mu\u00f1eco de druida personalizable."},"content":{"rendered":"<blockquote><p>&nbsp;<\/p><\/blockquote>\n","protected":false},"excerpt":{"rendered":"<p><span style=\"vertical-align: inherit;\"><span style=\"vertical-align: inherit;\">Sobre los druidas se conoce poco, ya que sus conocimientos ancestrales se transmit\u00edan oralmente. Pero hubo autores que plasmaron en sus obras relaciones sobre ellos y sobre ellas de manera clara y concisa dando incluso sus nombres. Cuando se habla de druidas y quienes eran, todos pensamos en magos, puesto que as\u00ed est\u00e1 se\u00f1alado en el imaginario. Pero no as\u00ed del todo. Adem\u00e1s eran fil\u00f3sofos, maestros, te\u00f3logos, matem\u00e1ticos y astr\u00f3nomos, curanderos, guerreros y jueces.<\/span><\/span><\/p>\n<p><span style=\"vertical-align: inherit;\"><span style=\"vertical-align: inherit;\">Los druidas aparecen divididos en varias clases: vacerri, bardi, eubages, semnothii y saronidae. Para Estrab\u00f3n s\u00f3lo hab\u00eda 3 clases de druidas: bardos (poetas), eubages (adivinadores) y saronidae (jueces o instructores de juventud).<\/span><\/span><\/p>\n<p><span style=\"vertical-align: inherit;\"><span style=\"vertical-align: inherit;\">Estos mu\u00f1ecos est\u00e1n hechos totalmente a mano por lo que ninguno es igual y pueden personalizarse al gusto del cliente, por lo que el tiempo de espera es de 15 d\u00edas laborales.<\/span><\/span><\/p>\n","protected":false},"featured_media":1767,"comment_status":"open","ping_status":"closed","template":"","meta":{"_eb_attr":"","_monsterinsights_skip_tracking":false,"_monsterinsights_sitenote_active":false,"_monsterinsights_sitenote_note":"","_monsterinsights_sitenote_category":0,"_joinchat":[]},"product_cat":[20],"product_tag":[],"class_list":{"0":"post-25","1":"product","2":"type-product","3":"status-publish","4":"has-post-thumbnail","6":"product_cat-artesania-celta","8":"first","9":"instock","10":"taxable","11":"shipping-taxable","12":"purchasable","13":"product-type-simple"},"_links":{"self":[{"href":"https:\/\/elsecretodelosdruidas.com\/tiendaonline\/index.php?rest_route=\/wp\/v2\/product\/25"}],"collection":[{"href":"https:\/\/elsecretodelosdruidas.com\/tiendaonline\/index.php?rest_route=\/wp\/v2\/product"}],"about":[{"href":"https:\/\/elsecretodelosdruidas.com\/tiendaonline\/index.php?rest_route=\/wp\/v2\/types\/product"}],"replies":[{"embeddable":true,"href":"https:\/\/elsecretodelosdruidas.com\/tiendaonline\/index.php?rest_route=%2Fwp%2Fv2%2Fcomments&post=25"}],"wp:featuredmedia":[{"embeddable":true,"href":"https:\/\/elsecretodelosdruidas.com\/tiendaonline\/index.php?rest_route=\/wp\/v2\/media\/1767"}],"wp:attachment":[{"href":"https:\/\/elsecretodelosdruidas.com\/tiendaonline\/index.php?rest_route=%2Fwp%2Fv2%2Fmedia&parent=25"}],"wp:term":[{"taxonomy":"product_cat","embeddable":true,"href":"https:\/\/elsecretodelosdruidas.com\/tiendaonline\/index.php?rest_route=%2Fwp%2Fv2%2Fproduct_cat&post=25"},{"taxonomy":"product_tag","embeddable":true,"href":"https:\/\/elsecretodelosdruidas.com\/tiendaonline\/index.php?rest_route=%2Fwp%2Fv2%2Fproduct_tag&post=25"}],"curies":[{"name":"wp","href":"https:\/\/api.w.org\/{rel}","templated":true}]}}