{"id":26,"date":"2023-03-13T16:29:43","date_gmt":"2023-03-13T16:29:43","guid":{"rendered":"https:\/\/elsecretodelosdruidas.com\/tiendaonline\/?post_type=product&#038;p=26"},"modified":"2025-09-24T16:30:55","modified_gmt":"2025-09-24T16:30:55","slug":"lamina-de-pizarra-del-horoscopo-celta-de-los-arboles","status":"publish","type":"product","link":"https:\/\/elsecretodelosdruidas.com\/tiendaonline\/?product=lamina-de-pizarra-del-horoscopo-celta-de-los-arboles","title":{"rendered":"L\u00e1mina de pizarra del hor\u00f3scopo celta de los \u00e1rboles."},"content":{"rendered":"","protected":false},"excerpt":{"rendered":"<p>Los celtas ten\u00edan una cosmovisi\u00f3n enraizada a la naturaleza, una metaf\u00edsica basada en los \u00e1rboles. El Ogham es un calendario de trece meses lunares de 28 d\u00edas cada uno, representados por un \u00e1rbol predominante. Cada mes ten\u00eda un \u00e1rbol igual que los equinoccios y solsticios , como por ejemplo el haya para el solsticio de invierno.<\/p>\n<p>Estas l\u00e1minas de pizarra se pueden personalizar con la imagen que el cliente quiera ya sea relacionado con la historia o no. Para ello deber\u00e1 de mandarnos la fotograf\u00eda en la mejor calidad posible una vez que realice su pedido.<\/p>\n","protected":false},"featured_media":56,"comment_status":"open","ping_status":"closed","template":"","meta":{"_eb_attr":"","_monsterinsights_skip_tracking":false,"_monsterinsights_sitenote_active":false,"_monsterinsights_sitenote_note":"","_monsterinsights_sitenote_category":0,"_joinchat":[]},"product_cat":[20],"product_tag":[],"class_list":{"0":"post-26","1":"product","2":"type-product","3":"status-publish","4":"has-post-thumbnail","6":"product_cat-artesania-celta","8":"first","9":"outofstock","10":"taxable","11":"shipping-taxable","12":"purchasable","13":"product-type-simple"},"_links":{"self":[{"href":"https:\/\/elsecretodelosdruidas.com\/tiendaonline\/index.php?rest_route=\/wp\/v2\/product\/26"}],"collection":[{"href":"https:\/\/elsecretodelosdruidas.com\/tiendaonline\/index.php?rest_route=\/wp\/v2\/product"}],"about":[{"href":"https:\/\/elsecretodelosdruidas.com\/tiendaonline\/index.php?rest_route=\/wp\/v2\/types\/product"}],"replies":[{"embeddable":true,"href":"https:\/\/elsecretodelosdruidas.com\/tiendaonline\/index.php?rest_route=%2Fwp%2Fv2%2Fcomments&post=26"}],"wp:featuredmedia":[{"embeddable":true,"href":"https:\/\/elsecretodelosdruidas.com\/tiendaonline\/index.php?rest_route=\/wp\/v2\/media\/56"}],"wp:attachment":[{"href":"https:\/\/elsecretodelosdruidas.com\/tiendaonline\/index.php?rest_route=%2Fwp%2Fv2%2Fmedia&parent=26"}],"wp:term":[{"taxonomy":"product_cat","embeddable":true,"href":"https:\/\/elsecretodelosdruidas.com\/tiendaonline\/index.php?rest_route=%2Fwp%2Fv2%2Fproduct_cat&post=26"},{"taxonomy":"product_tag","embeddable":true,"href":"https:\/\/elsecretodelosdruidas.com\/tiendaonline\/index.php?rest_route=%2Fwp%2Fv2%2Fproduct_tag&post=26"}],"curies":[{"name":"wp","href":"https:\/\/api.w.org\/{rel}","templated":true}]}}