{"id":32,"date":"2023-03-13T16:29:44","date_gmt":"2023-03-13T16:29:44","guid":{"rendered":"https:\/\/elsecretodelosdruidas.com\/tiendaonline\/?post_type=product&#038;p=32"},"modified":"2025-09-24T16:29:22","modified_gmt":"2025-09-24T16:29:22","slug":"gargantilla-cruz-celta-plata-de-ley-925","status":"publish","type":"product","link":"https:\/\/elsecretodelosdruidas.com\/tiendaonline\/?product=gargantilla-cruz-celta-plata-de-ley-925","title":{"rendered":"Gargantilla Cruz celta: plata de Ley 925"},"content":{"rendered":"<p style=\"text-align: left;\">La cruz celta est\u00e1 muy ligada tahto a esta cultura como a Irlanda. Esta cruz de plata de Ley 925 va acompa\u00f1ada de su caja de regalo.<\/p>\n<p>La cruz celta suele estar hecha en piedra y recientemente las podemos encontrar en algunos cementerios marcando una sola tumba.<\/p>\n<p>Tambi\u00e9n la pod\u00e9is encontrar mencionadas como Cruz del Sol Celta, debido a su parecido con la Cruz Solar y la Cruz Irlandesa, un s\u00edmbolo que se utilizaba en los primeros tiempos del cristianismo en Irlanda.<\/p>\n<p>\ud83d\udd34Desde el momento que usted lo compre tardar\u00e1 entorno a 15 d\u00edas en estar listo para su env\u00edo \ud83d\udd34<\/p>\n","protected":false},"excerpt":{"rendered":"<p>La cruz celta est\u00e1 muy ligada tahto a esta cultura como a Irlanda. Esta cruz de plata de Ley 925 va acompa\u00f1ada de su caja de regalo. La cruz celta suele estar hecha en piedra y recientemente las podemos encontrar en algunos cementerios marcando una sola tumba. Tambi\u00e9n la pod\u00e9is encontrar mencionadas como Cruz del [&hellip;]<\/p>\n","protected":false},"featured_media":61,"comment_status":"open","ping_status":"closed","template":"","meta":{"_eb_attr":"","_monsterinsights_skip_tracking":false,"_monsterinsights_sitenote_active":false,"_monsterinsights_sitenote_note":"","_monsterinsights_sitenote_category":0,"_joinchat":[]},"product_cat":[20],"product_tag":[],"class_list":{"0":"post-32","1":"product","2":"type-product","3":"status-publish","4":"has-post-thumbnail","6":"product_cat-artesania-celta","8":"first","9":"onbackorder","10":"taxable","11":"shipping-taxable","12":"purchasable","13":"product-type-simple"},"_links":{"self":[{"href":"https:\/\/elsecretodelosdruidas.com\/tiendaonline\/index.php?rest_route=\/wp\/v2\/product\/32"}],"collection":[{"href":"https:\/\/elsecretodelosdruidas.com\/tiendaonline\/index.php?rest_route=\/wp\/v2\/product"}],"about":[{"href":"https:\/\/elsecretodelosdruidas.com\/tiendaonline\/index.php?rest_route=\/wp\/v2\/types\/product"}],"replies":[{"embeddable":true,"href":"https:\/\/elsecretodelosdruidas.com\/tiendaonline\/index.php?rest_route=%2Fwp%2Fv2%2Fcomments&post=32"}],"wp:featuredmedia":[{"embeddable":true,"href":"https:\/\/elsecretodelosdruidas.com\/tiendaonline\/index.php?rest_route=\/wp\/v2\/media\/61"}],"wp:attachment":[{"href":"https:\/\/elsecretodelosdruidas.com\/tiendaonline\/index.php?rest_route=%2Fwp%2Fv2%2Fmedia&parent=32"}],"wp:term":[{"taxonomy":"product_cat","embeddable":true,"href":"https:\/\/elsecretodelosdruidas.com\/tiendaonline\/index.php?rest_route=%2Fwp%2Fv2%2Fproduct_cat&post=32"},{"taxonomy":"product_tag","embeddable":true,"href":"https:\/\/elsecretodelosdruidas.com\/tiendaonline\/index.php?rest_route=%2Fwp%2Fv2%2Fproduct_tag&post=32"}],"curies":[{"name":"wp","href":"https:\/\/api.w.org\/{rel}","templated":true}]}}