{"id":321,"date":"2023-04-08T22:00:56","date_gmt":"2023-04-08T22:00:56","guid":{"rendered":"https:\/\/elsecretodelosdruidas.com\/tiendaonline\/?post_type=product&#038;p=321"},"modified":"2025-09-24T16:25:01","modified_gmt":"2025-09-24T16:25:01","slug":"arbol-de-la-vida-con-amatista","status":"publish","type":"product","link":"https:\/\/elsecretodelosdruidas.com\/tiendaonline\/?product=arbol-de-la-vida-con-amatista","title":{"rendered":"\u00c1rbol de la vida con amatista"},"content":{"rendered":"","protected":false},"excerpt":{"rendered":"<ol>\n<li>Pactos, bodas, celebraciones, e incluso transmitir el conocimiento de los mayores a las nuevas generaciones, era algo que los celtas hac\u00edan siempre a la sombra de un gran \u00e1rbol.<\/li>\n<\/ol>\n<p>Adem\u00e1s de eso, la importancia de los \u00e1rboles en la vida cotidiana de los celtas es algo que no puede pasarse por alto. Con la madera constru\u00edan sus casas, que los manten\u00edan seguros y alejados de la intemperie.<\/p>\n<p>La le\u00f1a les permit\u00eda hacer fogatas, lo que adem\u00e1s de brindarles luz durante la noche, era con lo que manten\u00edan calientes sus casas en las \u00e9pocas de insoportable fr\u00edo.<\/p>\n","protected":false},"featured_media":315,"comment_status":"open","ping_status":"closed","template":"","meta":{"_eb_attr":"","_monsterinsights_skip_tracking":false,"_monsterinsights_sitenote_active":false,"_monsterinsights_sitenote_note":"","_monsterinsights_sitenote_category":0,"_joinchat":[]},"product_cat":[20],"product_tag":[],"class_list":{"0":"post-321","1":"product","2":"type-product","3":"status-publish","4":"has-post-thumbnail","6":"product_cat-artesania-celta","8":"first","9":"outofstock","10":"taxable","11":"shipping-taxable","12":"purchasable","13":"product-type-simple"},"_links":{"self":[{"href":"https:\/\/elsecretodelosdruidas.com\/tiendaonline\/index.php?rest_route=\/wp\/v2\/product\/321"}],"collection":[{"href":"https:\/\/elsecretodelosdruidas.com\/tiendaonline\/index.php?rest_route=\/wp\/v2\/product"}],"about":[{"href":"https:\/\/elsecretodelosdruidas.com\/tiendaonline\/index.php?rest_route=\/wp\/v2\/types\/product"}],"replies":[{"embeddable":true,"href":"https:\/\/elsecretodelosdruidas.com\/tiendaonline\/index.php?rest_route=%2Fwp%2Fv2%2Fcomments&post=321"}],"wp:featuredmedia":[{"embeddable":true,"href":"https:\/\/elsecretodelosdruidas.com\/tiendaonline\/index.php?rest_route=\/wp\/v2\/media\/315"}],"wp:attachment":[{"href":"https:\/\/elsecretodelosdruidas.com\/tiendaonline\/index.php?rest_route=%2Fwp%2Fv2%2Fmedia&parent=321"}],"wp:term":[{"taxonomy":"product_cat","embeddable":true,"href":"https:\/\/elsecretodelosdruidas.com\/tiendaonline\/index.php?rest_route=%2Fwp%2Fv2%2Fproduct_cat&post=321"},{"taxonomy":"product_tag","embeddable":true,"href":"https:\/\/elsecretodelosdruidas.com\/tiendaonline\/index.php?rest_route=%2Fwp%2Fv2%2Fproduct_tag&post=321"}],"curies":[{"name":"wp","href":"https:\/\/api.w.org\/{rel}","templated":true}]}}