{"id":33,"date":"2023-03-13T16:29:44","date_gmt":"2023-03-13T16:29:44","guid":{"rendered":"https:\/\/elsecretodelosdruidas.com\/tiendaonline\/?post_type=product&#038;p=33"},"modified":"2026-01-01T16:24:49","modified_gmt":"2026-01-01T16:24:49","slug":"gargantilla-triqueta-plata-de-ley-925","status":"publish","type":"product","link":"https:\/\/elsecretodelosdruidas.com\/tiendaonline\/?product=gargantilla-triqueta-plata-de-ley-925","title":{"rendered":"Gargantilla Triqueta: plata de Ley 925"},"content":{"rendered":"<p>La triqueta celta es un s\u00edmbolo mundialmente conocido por su relaci\u00f3n a la cultura celta y vikinga. Por ello, aqu\u00ed ten\u00e9is este colgante de plata de Ley 925, el cual ir\u00e1 acompa\u00f1ado de su cajita.<\/p>\n<p>La triqueta simboliza la vida, la muerte y el renacimiento. Intimamente relacionada con la diosa triple Dana, que era conocida por sus poderes curativos y su capacidad para dar el don de la fertilidad.<\/p>\n<p>Este s\u00edmbolo lunar femenino tiene un lema &#8220;todo lo que hagas te ser\u00e1 devuelto con el triple de fuerza.<\/p>\n<p>\ud83d\udd34Desde el momento que usted lo compre tardar\u00e1 entorno a 15 d\u00edas en estar listo para su env\u00edo \ud83d\udd34<\/p>\n","protected":false},"excerpt":{"rendered":"<p>La triqueta celta es un s\u00edmbolo mundialmente conocido por su relaci\u00f3n a la cultura celta y vikinga. Por ello, aqu\u00ed ten\u00e9is este colgante de plata de Ley 925, el cual ir\u00e1 acompa\u00f1ado de su cajita. La triqueta simboliza la vida, la muerte y el renacimiento. Intimamente relacionada con la diosa triple Dana, que era conocida [&hellip;]<\/p>\n","protected":false},"featured_media":62,"comment_status":"open","ping_status":"closed","template":"","meta":{"_eb_attr":"","_monsterinsights_skip_tracking":false,"_monsterinsights_sitenote_active":false,"_monsterinsights_sitenote_note":"","_monsterinsights_sitenote_category":0,"_joinchat":[]},"product_cat":[20],"product_tag":[],"class_list":{"0":"post-33","1":"product","2":"type-product","3":"status-publish","4":"has-post-thumbnail","6":"product_cat-artesania-celta","8":"first","9":"onbackorder","10":"taxable","11":"shipping-taxable","12":"purchasable","13":"product-type-simple"},"_links":{"self":[{"href":"https:\/\/elsecretodelosdruidas.com\/tiendaonline\/index.php?rest_route=\/wp\/v2\/product\/33"}],"collection":[{"href":"https:\/\/elsecretodelosdruidas.com\/tiendaonline\/index.php?rest_route=\/wp\/v2\/product"}],"about":[{"href":"https:\/\/elsecretodelosdruidas.com\/tiendaonline\/index.php?rest_route=\/wp\/v2\/types\/product"}],"replies":[{"embeddable":true,"href":"https:\/\/elsecretodelosdruidas.com\/tiendaonline\/index.php?rest_route=%2Fwp%2Fv2%2Fcomments&post=33"}],"wp:featuredmedia":[{"embeddable":true,"href":"https:\/\/elsecretodelosdruidas.com\/tiendaonline\/index.php?rest_route=\/wp\/v2\/media\/62"}],"wp:attachment":[{"href":"https:\/\/elsecretodelosdruidas.com\/tiendaonline\/index.php?rest_route=%2Fwp%2Fv2%2Fmedia&parent=33"}],"wp:term":[{"taxonomy":"product_cat","embeddable":true,"href":"https:\/\/elsecretodelosdruidas.com\/tiendaonline\/index.php?rest_route=%2Fwp%2Fv2%2Fproduct_cat&post=33"},{"taxonomy":"product_tag","embeddable":true,"href":"https:\/\/elsecretodelosdruidas.com\/tiendaonline\/index.php?rest_route=%2Fwp%2Fv2%2Fproduct_tag&post=33"}],"curies":[{"name":"wp","href":"https:\/\/api.w.org\/{rel}","templated":true}]}}