{"id":375,"date":"2023-04-29T12:54:48","date_gmt":"2023-04-29T12:54:48","guid":{"rendered":"https:\/\/elsecretodelosdruidas.com\/tiendaonline\/?post_type=product&#038;p=375"},"modified":"2024-02-21T23:28:26","modified_gmt":"2024-02-21T23:28:26","slug":"mini-drusas-de-amatista","status":"publish","type":"product","link":"https:\/\/elsecretodelosdruidas.com\/tiendaonline\/?product=mini-drusas-de-amatista","title":{"rendered":"Mini drusas de amatista"},"content":{"rendered":"","protected":false},"excerpt":{"rendered":"<p class=\"p1\"><span class=\"s1\">La Drusa de Amatista es perfecta para colocar en aquellos lugares donde queramos limpiar la energ\u00eda.\u00a0<\/span>Es un cristal que no puede faltar en tu\u00a0<strong>hogar<\/strong>.<\/p>\n<p class=\"p3\">La Amatista, de tonalidades moradas, es un cristal al que se le atribuye un abanico enorme de <strong>beneficios<\/strong>\u00a0y\u00a0<strong>propiedades<\/strong>, entre las que destacan:<\/p>\n<p>Es extraordinariamente poderosa y protectora, con una elevada vibraci\u00f3n espiritual. Protege del ataque ps\u00edquico, transmutando la energ\u00eda en amor.<\/p>\n<p>Siendo un tranquilizante natural, la Amatista bloquea las tensiones geop\u00e1ticas y las energ\u00edas ambientales negativas.<\/p>\n<p>Su serenidad potencia los estados elevados de conciencia y meditaci\u00f3n. Tiene grandes poderes curativos y limpiadores, y potencia la conciencia espiritual.<\/p>\n","protected":false},"featured_media":376,"comment_status":"open","ping_status":"closed","template":"","meta":{"_eb_attr":"","_monsterinsights_skip_tracking":false,"_monsterinsights_sitenote_active":false,"_monsterinsights_sitenote_note":"","_monsterinsights_sitenote_category":0,"_joinchat":[]},"product_cat":[26],"product_tag":[],"class_list":{"0":"post-375","1":"product","2":"type-product","3":"status-publish","4":"has-post-thumbnail","6":"product_cat-minerales-masivos","8":"first","9":"instock","10":"taxable","11":"shipping-taxable","12":"purchasable","13":"product-type-simple"},"_links":{"self":[{"href":"https:\/\/elsecretodelosdruidas.com\/tiendaonline\/index.php?rest_route=\/wp\/v2\/product\/375"}],"collection":[{"href":"https:\/\/elsecretodelosdruidas.com\/tiendaonline\/index.php?rest_route=\/wp\/v2\/product"}],"about":[{"href":"https:\/\/elsecretodelosdruidas.com\/tiendaonline\/index.php?rest_route=\/wp\/v2\/types\/product"}],"replies":[{"embeddable":true,"href":"https:\/\/elsecretodelosdruidas.com\/tiendaonline\/index.php?rest_route=%2Fwp%2Fv2%2Fcomments&post=375"}],"wp:featuredmedia":[{"embeddable":true,"href":"https:\/\/elsecretodelosdruidas.com\/tiendaonline\/index.php?rest_route=\/wp\/v2\/media\/376"}],"wp:attachment":[{"href":"https:\/\/elsecretodelosdruidas.com\/tiendaonline\/index.php?rest_route=%2Fwp%2Fv2%2Fmedia&parent=375"}],"wp:term":[{"taxonomy":"product_cat","embeddable":true,"href":"https:\/\/elsecretodelosdruidas.com\/tiendaonline\/index.php?rest_route=%2Fwp%2Fv2%2Fproduct_cat&post=375"},{"taxonomy":"product_tag","embeddable":true,"href":"https:\/\/elsecretodelosdruidas.com\/tiendaonline\/index.php?rest_route=%2Fwp%2Fv2%2Fproduct_tag&post=375"}],"curies":[{"name":"wp","href":"https:\/\/api.w.org\/{rel}","templated":true}]}}