{"id":382,"date":"2023-05-11T22:33:41","date_gmt":"2023-05-11T22:33:41","guid":{"rendered":"https:\/\/elsecretodelosdruidas.com\/tiendaonline\/?post_type=product&#038;p=382"},"modified":"2023-05-11T22:33:41","modified_gmt":"2023-05-11T22:33:41","slug":"caja-de-bruja-verde","status":"publish","type":"product","link":"https:\/\/elsecretodelosdruidas.com\/tiendaonline\/?product=caja-de-bruja-verde","title":{"rendered":"Caja de bruja verde"},"content":{"rendered":"","protected":false},"excerpt":{"rendered":"<p>Que lleva esta cajita:<br \/>\n1 amatista<br \/>\n1 jaspe rojo<br \/>\n1 cuarzo rosa<br \/>\n1 cuarzo azul<br \/>\n1 cuarzo blanco<br \/>\n1 turmalina<br \/>\n1 selenita<br \/>\n1 p\u00e9ndulo jaspe verde<br \/>\n1 p\u00e9ndulo ojo de tigre<br \/>\n1 nudo de brujas con mineral amatista<br \/>\n1 pendientes caldero de brujas<br \/>\n2 spell jar<br \/>\n1 perfume s\u00f3lido (elegir )<br \/>\n2 velas de miel<br \/>\n1 escoba bruja<br \/>\n1 bote de aceite ( \u00e1rnica , hip\u00e9rico &#8230;)<br \/>\n1 bote sal de brujas<br \/>\n1 bote sal (rosas manzanilla menta &#8230;)<br \/>\n8 botes plantas de brujas<br \/>\n1 sahumerio de salvia<br \/>\n1 bote incienso artesanal.<br \/>\n1 frasco mirra<br \/>\n1 jab\u00f3n (elegir)<\/p>\n<p>Las cajas se pueden personalizar al gusto ,por lo tanto ,si quieres cambiar hasta el m\u00e1s m\u00ednimo detalle escr\u00edbeme.<\/p>\n","protected":false},"featured_media":383,"comment_status":"open","ping_status":"closed","template":"","meta":{"_eb_attr":"","_monsterinsights_skip_tracking":false,"_monsterinsights_sitenote_active":false,"_monsterinsights_sitenote_note":"","_monsterinsights_sitenote_category":0,"_joinchat":[]},"product_cat":[21],"product_tag":[],"class_list":{"0":"post-382","1":"product","2":"type-product","3":"status-publish","4":"has-post-thumbnail","6":"product_cat-esoterismo","8":"first","9":"instock","10":"taxable","11":"shipping-taxable","12":"purchasable","13":"product-type-simple"},"_links":{"self":[{"href":"https:\/\/elsecretodelosdruidas.com\/tiendaonline\/index.php?rest_route=\/wp\/v2\/product\/382"}],"collection":[{"href":"https:\/\/elsecretodelosdruidas.com\/tiendaonline\/index.php?rest_route=\/wp\/v2\/product"}],"about":[{"href":"https:\/\/elsecretodelosdruidas.com\/tiendaonline\/index.php?rest_route=\/wp\/v2\/types\/product"}],"replies":[{"embeddable":true,"href":"https:\/\/elsecretodelosdruidas.com\/tiendaonline\/index.php?rest_route=%2Fwp%2Fv2%2Fcomments&post=382"}],"wp:featuredmedia":[{"embeddable":true,"href":"https:\/\/elsecretodelosdruidas.com\/tiendaonline\/index.php?rest_route=\/wp\/v2\/media\/383"}],"wp:attachment":[{"href":"https:\/\/elsecretodelosdruidas.com\/tiendaonline\/index.php?rest_route=%2Fwp%2Fv2%2Fmedia&parent=382"}],"wp:term":[{"taxonomy":"product_cat","embeddable":true,"href":"https:\/\/elsecretodelosdruidas.com\/tiendaonline\/index.php?rest_route=%2Fwp%2Fv2%2Fproduct_cat&post=382"},{"taxonomy":"product_tag","embeddable":true,"href":"https:\/\/elsecretodelosdruidas.com\/tiendaonline\/index.php?rest_route=%2Fwp%2Fv2%2Fproduct_tag&post=382"}],"curies":[{"name":"wp","href":"https:\/\/api.w.org\/{rel}","templated":true}]}}