{"id":478,"date":"2023-07-17T16:26:05","date_gmt":"2023-07-17T16:26:05","guid":{"rendered":"https:\/\/elsecretodelosdruidas.com\/tiendaonline\/?post_type=product&#038;p=478"},"modified":"2024-02-21T15:01:49","modified_gmt":"2024-02-21T15:01:49","slug":"aragonito-masivo","status":"publish","type":"product","link":"https:\/\/elsecretodelosdruidas.com\/tiendaonline\/?product=aragonito-masivo","title":{"rendered":"Aragonito grandes"},"content":{"rendered":"<blockquote><p>&nbsp;<\/p><\/blockquote>\n","protected":false},"excerpt":{"rendered":"<p>El aragonito se considera una piedra sanadora y estabilizante. Favorece la conexi\u00f3n con la madre tierra y simboliza la conservaci\u00f3n y la vitalidad. Ayuda a centrar y asentar la energ\u00eda para un funcionamiento m\u00e1s tranquilo, pragm\u00e1tico y equilibrado.<\/p>\n<p>Precio de una unidad.<\/p>\n","protected":false},"featured_media":481,"comment_status":"open","ping_status":"closed","template":"","meta":{"_eb_attr":"","_monsterinsights_skip_tracking":false,"_monsterinsights_sitenote_active":false,"_monsterinsights_sitenote_note":"","_monsterinsights_sitenote_category":0,"_joinchat":[]},"product_cat":[26],"product_tag":[],"class_list":{"0":"post-478","1":"product","2":"type-product","3":"status-publish","4":"has-post-thumbnail","6":"product_cat-minerales-masivos","8":"first","9":"instock","10":"taxable","11":"shipping-taxable","12":"purchasable","13":"product-type-simple"},"_links":{"self":[{"href":"https:\/\/elsecretodelosdruidas.com\/tiendaonline\/index.php?rest_route=\/wp\/v2\/product\/478"}],"collection":[{"href":"https:\/\/elsecretodelosdruidas.com\/tiendaonline\/index.php?rest_route=\/wp\/v2\/product"}],"about":[{"href":"https:\/\/elsecretodelosdruidas.com\/tiendaonline\/index.php?rest_route=\/wp\/v2\/types\/product"}],"replies":[{"embeddable":true,"href":"https:\/\/elsecretodelosdruidas.com\/tiendaonline\/index.php?rest_route=%2Fwp%2Fv2%2Fcomments&post=478"}],"wp:featuredmedia":[{"embeddable":true,"href":"https:\/\/elsecretodelosdruidas.com\/tiendaonline\/index.php?rest_route=\/wp\/v2\/media\/481"}],"wp:attachment":[{"href":"https:\/\/elsecretodelosdruidas.com\/tiendaonline\/index.php?rest_route=%2Fwp%2Fv2%2Fmedia&parent=478"}],"wp:term":[{"taxonomy":"product_cat","embeddable":true,"href":"https:\/\/elsecretodelosdruidas.com\/tiendaonline\/index.php?rest_route=%2Fwp%2Fv2%2Fproduct_cat&post=478"},{"taxonomy":"product_tag","embeddable":true,"href":"https:\/\/elsecretodelosdruidas.com\/tiendaonline\/index.php?rest_route=%2Fwp%2Fv2%2Fproduct_tag&post=478"}],"curies":[{"name":"wp","href":"https:\/\/api.w.org\/{rel}","templated":true}]}}