{"id":519,"date":"2023-08-17T01:22:02","date_gmt":"2023-08-17T01:22:02","guid":{"rendered":"https:\/\/elsecretodelosdruidas.com\/tiendaonline\/?post_type=product&#038;p=519"},"modified":"2025-09-24T16:23:53","modified_gmt":"2025-09-24T16:23:53","slug":"pendientes-del-arbol-de-la-vida-con-malaquita","status":"publish","type":"product","link":"https:\/\/elsecretodelosdruidas.com\/tiendaonline\/?product=pendientes-del-arbol-de-la-vida-con-malaquita","title":{"rendered":"Pendientes del \u00e1rbol de la vida con malaquita"},"content":{"rendered":"","protected":false},"excerpt":{"rendered":"<p>La malaquita limpia y activa los chacras, adem\u00e1s aporta equilibrio y armon\u00eda. Ayuda a romper cualquier v\u00ednculo no deseado. Aprendes a asumir responsabilidades e ir al centro de un problema para solucionarlo.<\/p>\n<p>Para la cultura celta,\u00a0los \u00e1rboles ten\u00edan un valor muy importante tanto en el nivel f\u00edsico porque les ofrec\u00eda\u00a0protecci\u00f3n y le\u00f1a; como en el espiritual ya que para los druidas eran los testigos sagrados de la f\u00e9 y gracias a los cuales se pod\u00edan comunicar con los dioses<\/p>\n","protected":false},"featured_media":512,"comment_status":"open","ping_status":"closed","template":"","meta":{"_eb_attr":"","_monsterinsights_skip_tracking":false,"_monsterinsights_sitenote_active":false,"_monsterinsights_sitenote_note":"","_monsterinsights_sitenote_category":0,"_joinchat":[]},"product_cat":[20],"product_tag":[],"class_list":{"0":"post-519","1":"product","2":"type-product","3":"status-publish","4":"has-post-thumbnail","6":"product_cat-artesania-celta","8":"first","9":"instock","10":"taxable","11":"shipping-taxable","12":"purchasable","13":"product-type-simple"},"_links":{"self":[{"href":"https:\/\/elsecretodelosdruidas.com\/tiendaonline\/index.php?rest_route=\/wp\/v2\/product\/519"}],"collection":[{"href":"https:\/\/elsecretodelosdruidas.com\/tiendaonline\/index.php?rest_route=\/wp\/v2\/product"}],"about":[{"href":"https:\/\/elsecretodelosdruidas.com\/tiendaonline\/index.php?rest_route=\/wp\/v2\/types\/product"}],"replies":[{"embeddable":true,"href":"https:\/\/elsecretodelosdruidas.com\/tiendaonline\/index.php?rest_route=%2Fwp%2Fv2%2Fcomments&post=519"}],"wp:featuredmedia":[{"embeddable":true,"href":"https:\/\/elsecretodelosdruidas.com\/tiendaonline\/index.php?rest_route=\/wp\/v2\/media\/512"}],"wp:attachment":[{"href":"https:\/\/elsecretodelosdruidas.com\/tiendaonline\/index.php?rest_route=%2Fwp%2Fv2%2Fmedia&parent=519"}],"wp:term":[{"taxonomy":"product_cat","embeddable":true,"href":"https:\/\/elsecretodelosdruidas.com\/tiendaonline\/index.php?rest_route=%2Fwp%2Fv2%2Fproduct_cat&post=519"},{"taxonomy":"product_tag","embeddable":true,"href":"https:\/\/elsecretodelosdruidas.com\/tiendaonline\/index.php?rest_route=%2Fwp%2Fv2%2Fproduct_tag&post=519"}],"curies":[{"name":"wp","href":"https:\/\/api.w.org\/{rel}","templated":true}]}}