{"id":521,"date":"2023-08-17T01:34:06","date_gmt":"2023-08-17T01:34:06","guid":{"rendered":"https:\/\/elsecretodelosdruidas.com\/tiendaonline\/?post_type=product&#038;p=521"},"modified":"2025-09-24T16:23:25","modified_gmt":"2025-09-24T16:23:25","slug":"pendientes-del-arbol-de-la-vida-con-amatista","status":"publish","type":"product","link":"https:\/\/elsecretodelosdruidas.com\/tiendaonline\/?product=pendientes-del-arbol-de-la-vida-con-amatista","title":{"rendered":"Pendientes del \u00e1rbol de la vida con amatista"},"content":{"rendered":"","protected":false},"excerpt":{"rendered":"<p>La Amatista, de tonalidades moradas, es un cristal al que se le atribuye un abanico enorme de beneficios y propiedades, entre las que destacan.<\/p>\n<p>Es extraordinariamente poderosa y protectora, con una elevada vibraci\u00f3n espiritual. Protege del ataque ps\u00edquico, transmutando la energ\u00eda en amor.<\/p>\n<p>Siendo un tranquilizante natural, la Amatista bloquea las tensiones geop\u00e1ticas y las energ\u00edas ambientales negativas.<\/p>\n<p>Su serenidad potencia los estados elevados de conciencia y meditaci\u00f3n. Tiene grandes poderes curativos y limpiadores, y potencia la conciencia espiritual.<\/p>\n<p>Para la cultura celta, los \u00e1rboles ten\u00edan un valor muy importante tanto en el nivel f\u00edsico porque les ofrec\u00eda protecci\u00f3n y le\u00f1a; como en el espiritual ya que para los druidas eran los testigos sagrados de la f\u00e9 y gracias a los cuales se pod\u00edan comunicar con los dioses.<\/p>\n","protected":false},"featured_media":513,"comment_status":"open","ping_status":"closed","template":"","meta":{"_eb_attr":"","_monsterinsights_skip_tracking":false,"_monsterinsights_sitenote_active":false,"_monsterinsights_sitenote_note":"","_monsterinsights_sitenote_category":0,"_joinchat":[]},"product_cat":[20],"product_tag":[],"class_list":{"0":"post-521","1":"product","2":"type-product","3":"status-publish","4":"has-post-thumbnail","6":"product_cat-artesania-celta","8":"first","9":"outofstock","10":"taxable","11":"shipping-taxable","12":"purchasable","13":"product-type-simple"},"_links":{"self":[{"href":"https:\/\/elsecretodelosdruidas.com\/tiendaonline\/index.php?rest_route=\/wp\/v2\/product\/521"}],"collection":[{"href":"https:\/\/elsecretodelosdruidas.com\/tiendaonline\/index.php?rest_route=\/wp\/v2\/product"}],"about":[{"href":"https:\/\/elsecretodelosdruidas.com\/tiendaonline\/index.php?rest_route=\/wp\/v2\/types\/product"}],"replies":[{"embeddable":true,"href":"https:\/\/elsecretodelosdruidas.com\/tiendaonline\/index.php?rest_route=%2Fwp%2Fv2%2Fcomments&post=521"}],"wp:featuredmedia":[{"embeddable":true,"href":"https:\/\/elsecretodelosdruidas.com\/tiendaonline\/index.php?rest_route=\/wp\/v2\/media\/513"}],"wp:attachment":[{"href":"https:\/\/elsecretodelosdruidas.com\/tiendaonline\/index.php?rest_route=%2Fwp%2Fv2%2Fmedia&parent=521"}],"wp:term":[{"taxonomy":"product_cat","embeddable":true,"href":"https:\/\/elsecretodelosdruidas.com\/tiendaonline\/index.php?rest_route=%2Fwp%2Fv2%2Fproduct_cat&post=521"},{"taxonomy":"product_tag","embeddable":true,"href":"https:\/\/elsecretodelosdruidas.com\/tiendaonline\/index.php?rest_route=%2Fwp%2Fv2%2Fproduct_tag&post=521"}],"curies":[{"name":"wp","href":"https:\/\/api.w.org\/{rel}","templated":true}]}}