{"id":684,"date":"2023-11-22T17:23:52","date_gmt":"2023-11-22T17:23:52","guid":{"rendered":"https:\/\/elsecretodelosdruidas.com\/tiendaonline\/?post_type=product&#038;p=684"},"modified":"2024-03-25T17:37:33","modified_gmt":"2024-03-25T17:37:33","slug":"aragonito-coraloide-pieza-exclusiva","status":"publish","type":"product","link":"https:\/\/elsecretodelosdruidas.com\/tiendaonline\/?product=aragonito-coraloide-pieza-exclusiva","title":{"rendered":"Aragonito coraloide 1 (Cabo de Gata ,Almer\u00eda)"},"content":{"rendered":"","protected":false},"excerpt":{"rendered":"<p dir=\"ltr\" role=\"presentation\">Te permitir\u00e1 conectarte con la madre tierra, gracias a ella podr\u00e1s sentirte cercano a la naturaleza, inspirarte en ella, cuidarla y respetarla. Brinda claridad mental y capacidad de decisi\u00f3n firme a todo el que la lleve.<\/p>\n<p dir=\"ltr\" role=\"presentation\">Permite que los niveles de concentraci\u00f3n se eleven adem\u00e1s es perfecta para meditar. Al colocarla cerca de tu cuerpo, permite que todas las energ\u00edas que se encuentren dispersas, se concentren y ordenen en tu mente.<\/p>\n","protected":false},"featured_media":689,"comment_status":"open","ping_status":"closed","template":"","meta":{"_eb_attr":"","_monsterinsights_skip_tracking":false,"_monsterinsights_sitenote_active":false,"_monsterinsights_sitenote_note":"","_monsterinsights_sitenote_category":0,"_joinchat":[]},"product_cat":[24],"product_tag":[],"class_list":{"0":"post-684","1":"product","2":"type-product","3":"status-publish","4":"has-post-thumbnail","6":"product_cat-minerales-de-coleccionista-espanol","8":"first","9":"outofstock","10":"sale","11":"taxable","12":"shipping-taxable","13":"purchasable","14":"product-type-simple"},"_links":{"self":[{"href":"https:\/\/elsecretodelosdruidas.com\/tiendaonline\/index.php?rest_route=\/wp\/v2\/product\/684"}],"collection":[{"href":"https:\/\/elsecretodelosdruidas.com\/tiendaonline\/index.php?rest_route=\/wp\/v2\/product"}],"about":[{"href":"https:\/\/elsecretodelosdruidas.com\/tiendaonline\/index.php?rest_route=\/wp\/v2\/types\/product"}],"replies":[{"embeddable":true,"href":"https:\/\/elsecretodelosdruidas.com\/tiendaonline\/index.php?rest_route=%2Fwp%2Fv2%2Fcomments&post=684"}],"wp:featuredmedia":[{"embeddable":true,"href":"https:\/\/elsecretodelosdruidas.com\/tiendaonline\/index.php?rest_route=\/wp\/v2\/media\/689"}],"wp:attachment":[{"href":"https:\/\/elsecretodelosdruidas.com\/tiendaonline\/index.php?rest_route=%2Fwp%2Fv2%2Fmedia&parent=684"}],"wp:term":[{"taxonomy":"product_cat","embeddable":true,"href":"https:\/\/elsecretodelosdruidas.com\/tiendaonline\/index.php?rest_route=%2Fwp%2Fv2%2Fproduct_cat&post=684"},{"taxonomy":"product_tag","embeddable":true,"href":"https:\/\/elsecretodelosdruidas.com\/tiendaonline\/index.php?rest_route=%2Fwp%2Fv2%2Fproduct_tag&post=684"}],"curies":[{"name":"wp","href":"https:\/\/api.w.org\/{rel}","templated":true}]}}