{"id":721,"date":"2023-12-11T17:36:20","date_gmt":"2023-12-11T17:36:20","guid":{"rendered":"https:\/\/elsecretodelosdruidas.com\/tiendaonline\/?post_type=product&#038;p=721"},"modified":"2025-09-23T23:07:14","modified_gmt":"2025-09-23T23:07:14","slug":"saco-termico-pequeno","status":"publish","type":"product","link":"https:\/\/elsecretodelosdruidas.com\/tiendaonline\/?product=saco-termico-pequeno","title":{"rendered":"Saco t\u00e9rmico peque\u00f1o"},"content":{"rendered":"","protected":false},"excerpt":{"rendered":"<p>Nuestros sacos t\u00e9rmicos contienen 4 clases de semillas, 5 variedades de plantas medicinales las cuales hemos recogido nosotros mismos y 5 clases de aceites esenciales. Son ideales para contracturas musculares, insomnio, dolores menstruales&#8230;.<\/p>\n<p>\ud83d\udd34Los tejidos de los sacos pueden variar ligeramente dependiendo de la disponibilidad.<\/p>\n<p>[contact-form][contact-field label=&#8221;Nombre&#8221; type=&#8221;name&#8221;  required=&#8221;true&#8221; \/][contact-field label=&#8221;Correo electr\u00f3nico&#8221; type=&#8221;email&#8221; required=&#8221;true&#8221; \/][contact-field label=&#8221;Web&#8221; type=&#8221;url&#8221; \/][contact-field label=&#8221;Mensaje&#8221; type=&#8221;textarea&#8221; \/][\/contact-form]<\/p>\n<p><!--more--><\/p>\n<p>[contact-form][contact-field label=&#8221;Nombre&#8221; type=&#8221;name&#8221;  required=&#8221;true&#8221; \/][contact-field label=&#8221;Correo electr\u00f3nico&#8221; type=&#8221;email&#8221; required=&#8221;true&#8221; \/][contact-field label=&#8221;Web&#8221; type=&#8221;url&#8221; \/][contact-field label=&#8221;Mensaje&#8221; type=&#8221;textarea&#8221; \/][\/contact-form]<\/p>\n","protected":false},"featured_media":722,"comment_status":"open","ping_status":"closed","template":"","meta":{"_eb_attr":"","_monsterinsights_skip_tracking":false,"_monsterinsights_sitenote_active":false,"_monsterinsights_sitenote_note":"","_monsterinsights_sitenote_category":0,"_joinchat":[]},"product_cat":[17],"product_tag":[],"class_list":{"0":"post-721","1":"product","2":"type-product","3":"status-publish","4":"has-post-thumbnail","6":"product_cat-cosmetica-natural","8":"first","9":"instock","10":"taxable","11":"shipping-taxable","12":"purchasable","13":"product-type-simple"},"_links":{"self":[{"href":"https:\/\/elsecretodelosdruidas.com\/tiendaonline\/index.php?rest_route=\/wp\/v2\/product\/721"}],"collection":[{"href":"https:\/\/elsecretodelosdruidas.com\/tiendaonline\/index.php?rest_route=\/wp\/v2\/product"}],"about":[{"href":"https:\/\/elsecretodelosdruidas.com\/tiendaonline\/index.php?rest_route=\/wp\/v2\/types\/product"}],"replies":[{"embeddable":true,"href":"https:\/\/elsecretodelosdruidas.com\/tiendaonline\/index.php?rest_route=%2Fwp%2Fv2%2Fcomments&post=721"}],"wp:featuredmedia":[{"embeddable":true,"href":"https:\/\/elsecretodelosdruidas.com\/tiendaonline\/index.php?rest_route=\/wp\/v2\/media\/722"}],"wp:attachment":[{"href":"https:\/\/elsecretodelosdruidas.com\/tiendaonline\/index.php?rest_route=%2Fwp%2Fv2%2Fmedia&parent=721"}],"wp:term":[{"taxonomy":"product_cat","embeddable":true,"href":"https:\/\/elsecretodelosdruidas.com\/tiendaonline\/index.php?rest_route=%2Fwp%2Fv2%2Fproduct_cat&post=721"},{"taxonomy":"product_tag","embeddable":true,"href":"https:\/\/elsecretodelosdruidas.com\/tiendaonline\/index.php?rest_route=%2Fwp%2Fv2%2Fproduct_tag&post=721"}],"curies":[{"name":"wp","href":"https:\/\/api.w.org\/{rel}","templated":true}]}}