{"id":79,"date":"2023-03-13T16:30:09","date_gmt":"2023-03-13T16:30:09","guid":{"rendered":"https:\/\/elsecretodelosdruidas.com\/tiendaonline\/?post_type=product&#038;p=79"},"modified":"2025-10-23T18:55:48","modified_gmt":"2025-10-23T18:55:48","slug":"vegvisir-de-agatacielo","status":"publish","type":"product","link":"https:\/\/elsecretodelosdruidas.com\/tiendaonline\/?product=vegvisir-de-agatacielo","title":{"rendered":"Vegv\u00edsir de obsidiana"},"content":{"rendered":"<p><span style=\"vertical-align: inherit;\"><span style=\"vertical-align: inherit;\">El s\u00edmbolo Vegv\u00edsir es b\u00e1sicamente lo que se entiende como br\u00fajula vikinga.<\/span><\/span><\/p>\n<p><span style=\"vertical-align: inherit;\"><span style=\"vertical-align: inherit;\">Es un s\u00edmbolo que tiene magia en s\u00ed mismo y que se utiliza para guiar a las personas en caso de mal tiempo o cuando exist\u00eda muy poca visibilidad.<\/span><\/span><\/p>\n<p><span style=\"vertical-align: inherit;\"><span style=\"vertical-align: inherit;\">Este colgante est\u00e1 realizado en piedra de obsisiana y el grabado en dorado. La cadena es de acero inoxidable.<\/span><\/span><\/p>\n<p><span style=\"vertical-align: inherit;\"><span style=\"vertical-align: inherit;\">Lleva consigo su cajita para que puedas guardarla.<\/span><\/span><\/p>\n","protected":false},"excerpt":{"rendered":"<p>El s\u00edmbolo Vegv\u00edsir es b\u00e1sicamente lo que se entiende como br\u00fajula vikinga. Es un s\u00edmbolo que tiene magia en s\u00ed mismo y que se utiliza para guiar a las personas en caso de mal tiempo o cuando exist\u00eda muy poca visibilidad. Este colgante est\u00e1 realizado en piedra de obsisiana y el grabado en dorado. La [&hellip;]<\/p>\n","protected":false},"featured_media":108,"comment_status":"open","ping_status":"closed","template":"","meta":{"_eb_attr":"","_monsterinsights_skip_tracking":false,"_monsterinsights_sitenote_active":false,"_monsterinsights_sitenote_note":"","_monsterinsights_sitenote_category":0,"_joinchat":[]},"product_cat":[19],"product_tag":[],"class_list":{"0":"post-79","1":"product","2":"type-product","3":"status-publish","4":"has-post-thumbnail","6":"product_cat-artesania-vikinga","8":"first","9":"instock","10":"taxable","11":"shipping-taxable","12":"purchasable","13":"product-type-simple"},"_links":{"self":[{"href":"https:\/\/elsecretodelosdruidas.com\/tiendaonline\/index.php?rest_route=\/wp\/v2\/product\/79"}],"collection":[{"href":"https:\/\/elsecretodelosdruidas.com\/tiendaonline\/index.php?rest_route=\/wp\/v2\/product"}],"about":[{"href":"https:\/\/elsecretodelosdruidas.com\/tiendaonline\/index.php?rest_route=\/wp\/v2\/types\/product"}],"replies":[{"embeddable":true,"href":"https:\/\/elsecretodelosdruidas.com\/tiendaonline\/index.php?rest_route=%2Fwp%2Fv2%2Fcomments&post=79"}],"wp:featuredmedia":[{"embeddable":true,"href":"https:\/\/elsecretodelosdruidas.com\/tiendaonline\/index.php?rest_route=\/wp\/v2\/media\/108"}],"wp:attachment":[{"href":"https:\/\/elsecretodelosdruidas.com\/tiendaonline\/index.php?rest_route=%2Fwp%2Fv2%2Fmedia&parent=79"}],"wp:term":[{"taxonomy":"product_cat","embeddable":true,"href":"https:\/\/elsecretodelosdruidas.com\/tiendaonline\/index.php?rest_route=%2Fwp%2Fv2%2Fproduct_cat&post=79"},{"taxonomy":"product_tag","embeddable":true,"href":"https:\/\/elsecretodelosdruidas.com\/tiendaonline\/index.php?rest_route=%2Fwp%2Fv2%2Fproduct_tag&post=79"}],"curies":[{"name":"wp","href":"https:\/\/api.w.org\/{rel}","templated":true}]}}