{"id":794,"date":"2024-01-13T13:44:11","date_gmt":"2024-01-13T13:44:11","guid":{"rendered":"https:\/\/elsecretodelosdruidas.com\/tiendaonline\/?post_type=product&#038;p=794"},"modified":"2024-03-05T03:06:06","modified_gmt":"2024-03-05T03:06:06","slug":"piromorfita-en-bruto-pieza-unica","status":"publish","type":"product","link":"https:\/\/elsecretodelosdruidas.com\/tiendaonline\/?product=piromorfita-en-bruto-pieza-unica","title":{"rendered":"Piromorfitas \/Piezas \u00fanicas"},"content":{"rendered":"<blockquote><p>&nbsp;<\/p><\/blockquote>\n","protected":false},"excerpt":{"rendered":"<p>La piromorfita es un mineral transl\u00facido de la familia de las apatitas. Tiene colores variables, muchos brillantes, pero es conocido por sus tonos verdes o naranjas brillantes. La piromorfita es una gema la cual no se faceta a menudo, pero a\u00fan prevalece en la comunidad de piedras preciosas y minerales.<\/p>\n<p>Llamado el &#8220;mineral de plomo verde&#8221;, los \u00fanicos usos de la piromorfita fuera de los mundos de las gemas y los cristales son para obtener plomo<\/p>\n<p>Est\u00e1 compuesta de plomo, cloruro y fosfato con la f\u00f3rmula Pb5(PO4)3Cl. Est\u00e1 en el grupo m\u00e1s grande de apatita de fosfatos hexagonales.<\/p>\n<p>La formaci\u00f3n de cristales es com\u00fan para la piromorfita, aunque tambi\u00e9n puede formar masas en forma de ri\u00f1\u00f3n (reniformes) o esf\u00e9ricas (globulares), junto con drusas similares a musgos.<\/p>\n<p>Seg\u00fan sus propiedades esot\u00e9ricas la\u00a0 piromorfita es una piedra que activa y une un plexo solar y un chakra del coraz\u00f3n. La voluntad de uno se impregna del amor y la pasi\u00f3n que llevamos en nuestros corazones, haciendo que cualquier meta o deseo se vuelva alcanzable. Uno encontrar\u00e1 esa fuerza interior y determinaci\u00f3n interior cuando trabaje con esta piedra.<\/p>\n<p>Nuestras piromorfitas provienen de la mina de San Andr\u00e9s la provincia espa\u00f1ola de C\u00f3rdoba.<\/p>\n","protected":false},"featured_media":781,"comment_status":"open","ping_status":"closed","template":"","meta":{"_eb_attr":"","_monsterinsights_skip_tracking":false,"_monsterinsights_sitenote_active":false,"_monsterinsights_sitenote_note":"","_monsterinsights_sitenote_category":0,"_joinchat":[]},"product_cat":[24],"product_tag":[],"class_list":{"0":"post-794","1":"product","2":"type-product","3":"status-publish","4":"has-post-thumbnail","6":"product_cat-minerales-de-coleccionista-espanol","8":"first","9":"instock","10":"taxable","11":"shipping-taxable","12":"purchasable","13":"product-type-simple"},"_links":{"self":[{"href":"https:\/\/elsecretodelosdruidas.com\/tiendaonline\/index.php?rest_route=\/wp\/v2\/product\/794"}],"collection":[{"href":"https:\/\/elsecretodelosdruidas.com\/tiendaonline\/index.php?rest_route=\/wp\/v2\/product"}],"about":[{"href":"https:\/\/elsecretodelosdruidas.com\/tiendaonline\/index.php?rest_route=\/wp\/v2\/types\/product"}],"replies":[{"embeddable":true,"href":"https:\/\/elsecretodelosdruidas.com\/tiendaonline\/index.php?rest_route=%2Fwp%2Fv2%2Fcomments&post=794"}],"wp:featuredmedia":[{"embeddable":true,"href":"https:\/\/elsecretodelosdruidas.com\/tiendaonline\/index.php?rest_route=\/wp\/v2\/media\/781"}],"wp:attachment":[{"href":"https:\/\/elsecretodelosdruidas.com\/tiendaonline\/index.php?rest_route=%2Fwp%2Fv2%2Fmedia&parent=794"}],"wp:term":[{"taxonomy":"product_cat","embeddable":true,"href":"https:\/\/elsecretodelosdruidas.com\/tiendaonline\/index.php?rest_route=%2Fwp%2Fv2%2Fproduct_cat&post=794"},{"taxonomy":"product_tag","embeddable":true,"href":"https:\/\/elsecretodelosdruidas.com\/tiendaonline\/index.php?rest_route=%2Fwp%2Fv2%2Fproduct_tag&post=794"}],"curies":[{"name":"wp","href":"https:\/\/api.w.org\/{rel}","templated":true}]}}