{"id":836,"date":"2024-03-05T18:18:49","date_gmt":"2024-03-05T18:18:49","guid":{"rendered":"https:\/\/elsecretodelosdruidas.com\/tiendaonline\/?post_type=product&#038;p=836"},"modified":"2024-03-09T01:49:28","modified_gmt":"2024-03-09T01:49:28","slug":"anapaita-lerida-espana","status":"publish","type":"product","link":"https:\/\/elsecretodelosdruidas.com\/tiendaonline\/?product=anapaita-lerida-espana","title":{"rendered":"Anapaita (L\u00e9rida ,Espa\u00f1a)"},"content":{"rendered":"","protected":false},"excerpt":{"rendered":"<p>La anapa\u00edta forma parte de la categor\u00eda de los fosfatos. Fue descubierta en Rusia, en la pen\u00ednsula de Taman, en 1902. Su origen es secundario en la zona de oxidaci\u00f3n de yacimientos de hierro y en rocas sedimentarias, ricas en P. Se dan cristales tabulares de varios mm de di\u00e1metro cerca de Anapa y Kerch, Crimea (Ucrania), donde tambien se da en formade agregados esf\u00e9ricos que llegan a los 30 mm de di\u00e1metro, los cuales suelen aparecer en grietas en menas ool\u00edticas. Tambi\u00e9n se da en Espa\u00f1a, en concreto en Bellver de Cerda\u00f1a, de donde es esta pieza .<\/p>\n","protected":false},"featured_media":837,"comment_status":"open","ping_status":"closed","template":"","meta":{"_eb_attr":"","_monsterinsights_skip_tracking":false,"_monsterinsights_sitenote_active":false,"_monsterinsights_sitenote_note":"","_monsterinsights_sitenote_category":0,"_joinchat":[]},"product_cat":[24],"product_tag":[],"class_list":{"0":"post-836","1":"product","2":"type-product","3":"status-publish","4":"has-post-thumbnail","6":"product_cat-minerales-de-coleccionista-espanol","8":"first","9":"outofstock","10":"taxable","11":"shipping-taxable","12":"purchasable","13":"product-type-simple"},"_links":{"self":[{"href":"https:\/\/elsecretodelosdruidas.com\/tiendaonline\/index.php?rest_route=\/wp\/v2\/product\/836"}],"collection":[{"href":"https:\/\/elsecretodelosdruidas.com\/tiendaonline\/index.php?rest_route=\/wp\/v2\/product"}],"about":[{"href":"https:\/\/elsecretodelosdruidas.com\/tiendaonline\/index.php?rest_route=\/wp\/v2\/types\/product"}],"replies":[{"embeddable":true,"href":"https:\/\/elsecretodelosdruidas.com\/tiendaonline\/index.php?rest_route=%2Fwp%2Fv2%2Fcomments&post=836"}],"wp:featuredmedia":[{"embeddable":true,"href":"https:\/\/elsecretodelosdruidas.com\/tiendaonline\/index.php?rest_route=\/wp\/v2\/media\/837"}],"wp:attachment":[{"href":"https:\/\/elsecretodelosdruidas.com\/tiendaonline\/index.php?rest_route=%2Fwp%2Fv2%2Fmedia&parent=836"}],"wp:term":[{"taxonomy":"product_cat","embeddable":true,"href":"https:\/\/elsecretodelosdruidas.com\/tiendaonline\/index.php?rest_route=%2Fwp%2Fv2%2Fproduct_cat&post=836"},{"taxonomy":"product_tag","embeddable":true,"href":"https:\/\/elsecretodelosdruidas.com\/tiendaonline\/index.php?rest_route=%2Fwp%2Fv2%2Fproduct_tag&post=836"}],"curies":[{"name":"wp","href":"https:\/\/api.w.org\/{rel}","templated":true}]}}