{"id":84,"date":"2023-03-13T16:30:10","date_gmt":"2023-03-13T16:30:10","guid":{"rendered":"https:\/\/elsecretodelosdruidas.com\/tiendaonline\/?post_type=product&#038;p=84"},"modified":"2025-09-24T16:27:17","modified_gmt":"2025-09-24T16:27:17","slug":"colgante-simple-del-trisquel-ii","status":"publish","type":"product","link":"https:\/\/elsecretodelosdruidas.com\/tiendaonline\/?product=colgante-simple-del-trisquel-ii","title":{"rendered":"Colgante simple del trisquel II"},"content":{"rendered":"<p>En la cultura celta, el tres es el n\u00famero m\u00e1s sagrado y representa la perfecci\u00f3n, la divinidad y el equilibrio entre las fuerzas del universo, por esta raz\u00f3n el s\u00edmbolo del trisquel est\u00e1 formado por 3 brazos unidos en un punto conc\u00e9ntrico.<\/p>\n<p>En esta ocasi\u00f3n este colgante este colgante est\u00e1 realizado en acero inoxidable y llevar\u00e1 consigo su cajita para que puedas guardarlo.<\/p>\n","protected":false},"excerpt":{"rendered":"<p>En la cultura celta, el tres es el n\u00famero m\u00e1s sagrado y representa la perfecci\u00f3n, la divinidad y el equilibrio entre las fuerzas del universo, por esta raz\u00f3n el s\u00edmbolo del trisquel est\u00e1 formado por 3 brazos unidos en un punto conc\u00e9ntrico. En esta ocasi\u00f3n este colgante este colgante est\u00e1 realizado en acero inoxidable y [&hellip;]<\/p>\n","protected":false},"featured_media":113,"comment_status":"open","ping_status":"closed","template":"","meta":{"_eb_attr":"","_monsterinsights_skip_tracking":false,"_monsterinsights_sitenote_active":false,"_monsterinsights_sitenote_note":"","_monsterinsights_sitenote_category":0,"_joinchat":[]},"product_cat":[20],"product_tag":[],"class_list":{"0":"post-84","1":"product","2":"type-product","3":"status-publish","4":"has-post-thumbnail","6":"product_cat-artesania-celta","8":"first","9":"instock","10":"taxable","11":"shipping-taxable","12":"purchasable","13":"product-type-simple"},"_links":{"self":[{"href":"https:\/\/elsecretodelosdruidas.com\/tiendaonline\/index.php?rest_route=\/wp\/v2\/product\/84"}],"collection":[{"href":"https:\/\/elsecretodelosdruidas.com\/tiendaonline\/index.php?rest_route=\/wp\/v2\/product"}],"about":[{"href":"https:\/\/elsecretodelosdruidas.com\/tiendaonline\/index.php?rest_route=\/wp\/v2\/types\/product"}],"replies":[{"embeddable":true,"href":"https:\/\/elsecretodelosdruidas.com\/tiendaonline\/index.php?rest_route=%2Fwp%2Fv2%2Fcomments&post=84"}],"wp:featuredmedia":[{"embeddable":true,"href":"https:\/\/elsecretodelosdruidas.com\/tiendaonline\/index.php?rest_route=\/wp\/v2\/media\/113"}],"wp:attachment":[{"href":"https:\/\/elsecretodelosdruidas.com\/tiendaonline\/index.php?rest_route=%2Fwp%2Fv2%2Fmedia&parent=84"}],"wp:term":[{"taxonomy":"product_cat","embeddable":true,"href":"https:\/\/elsecretodelosdruidas.com\/tiendaonline\/index.php?rest_route=%2Fwp%2Fv2%2Fproduct_cat&post=84"},{"taxonomy":"product_tag","embeddable":true,"href":"https:\/\/elsecretodelosdruidas.com\/tiendaonline\/index.php?rest_route=%2Fwp%2Fv2%2Fproduct_tag&post=84"}],"curies":[{"name":"wp","href":"https:\/\/api.w.org\/{rel}","templated":true}]}}