{"id":887,"date":"2024-03-06T22:36:18","date_gmt":"2024-03-06T22:36:18","guid":{"rendered":"https:\/\/elsecretodelosdruidas.com\/tiendaonline\/?post_type=product&#038;p=887"},"modified":"2024-03-06T22:40:04","modified_gmt":"2024-03-06T22:40:04","slug":"esmeralda-muzo-colombia-1","status":"publish","type":"product","link":"https:\/\/elsecretodelosdruidas.com\/tiendaonline\/?product=esmeralda-muzo-colombia-1","title":{"rendered":"Esmeralda (Muzo, Colombia) 1"},"content":{"rendered":"","protected":false},"excerpt":{"rendered":"<p>Pieza \u00fanica de esmeralda colombiana con incrustaciones de pirita y cuarzo blanco.<\/p>\n<p>Las minas de Muzo de donde fue extra\u00eddo este ejemplar est\u00e1n constitu\u00eddas por una serie de arcillas negras pir\u00edticas plegadas en diferentes amplitudes de &#8220;dragfolds&#8221;, que muestran un sinn\u00famero de fisuras rellenas principalmente de calcita cristalina a blanca. Dichas fisuras son el resultado de las fuerzas de compresi\u00f3n y torsi\u00f3n que tomaron lugar durante la formaci\u00f3n del pilar (horst) de Muzo y Coscuez, el cual est\u00e1 limitado lateralmente por fallas normales de direcci\u00f3n aproximada sur-norte en contacto con el Albiano medio y superior.<\/p>\n","protected":false},"featured_media":820,"comment_status":"open","ping_status":"closed","template":"","meta":{"_eb_attr":"","_monsterinsights_skip_tracking":false,"_monsterinsights_sitenote_active":false,"_monsterinsights_sitenote_note":"","_monsterinsights_sitenote_category":0,"_joinchat":[]},"product_cat":[25],"product_tag":[],"class_list":{"0":"post-887","1":"product","2":"type-product","3":"status-publish","4":"has-post-thumbnail","6":"product_cat-minerales-de-coleccionista-extranjero","8":"first","9":"instock","10":"taxable","11":"shipping-taxable","12":"purchasable","13":"product-type-simple"},"_links":{"self":[{"href":"https:\/\/elsecretodelosdruidas.com\/tiendaonline\/index.php?rest_route=\/wp\/v2\/product\/887"}],"collection":[{"href":"https:\/\/elsecretodelosdruidas.com\/tiendaonline\/index.php?rest_route=\/wp\/v2\/product"}],"about":[{"href":"https:\/\/elsecretodelosdruidas.com\/tiendaonline\/index.php?rest_route=\/wp\/v2\/types\/product"}],"replies":[{"embeddable":true,"href":"https:\/\/elsecretodelosdruidas.com\/tiendaonline\/index.php?rest_route=%2Fwp%2Fv2%2Fcomments&post=887"}],"wp:featuredmedia":[{"embeddable":true,"href":"https:\/\/elsecretodelosdruidas.com\/tiendaonline\/index.php?rest_route=\/wp\/v2\/media\/820"}],"wp:attachment":[{"href":"https:\/\/elsecretodelosdruidas.com\/tiendaonline\/index.php?rest_route=%2Fwp%2Fv2%2Fmedia&parent=887"}],"wp:term":[{"taxonomy":"product_cat","embeddable":true,"href":"https:\/\/elsecretodelosdruidas.com\/tiendaonline\/index.php?rest_route=%2Fwp%2Fv2%2Fproduct_cat&post=887"},{"taxonomy":"product_tag","embeddable":true,"href":"https:\/\/elsecretodelosdruidas.com\/tiendaonline\/index.php?rest_route=%2Fwp%2Fv2%2Fproduct_tag&post=887"}],"curies":[{"name":"wp","href":"https:\/\/api.w.org\/{rel}","templated":true}]}}